{"id":170,"date":"2024-10-30T10:42:51","date_gmt":"2024-10-30T09:42:51","guid":{"rendered":"https:\/\/piano-place.org\/?page_id=170"},"modified":"2024-10-31T20:37:06","modified_gmt":"2024-10-31T19:37:06","slug":"domov","status":"publish","type":"page","link":"https:\/\/piano-place.org\/en\/","title":{"rendered":"Home"},"content":{"rendered":"<div class=\"wp-block-group alignfull has-raft-bg-alt-background-color has-background is-layout-constrained wp-container-core-group-is-layout-c2b63da3 wp-block-group-is-layout-constrained\" style=\"margin-top:0px;margin-bottom:0px;padding-top:var(--wp--preset--spacing--80);padding-right:var(--wp--preset--spacing--40);padding-bottom:var(--wp--preset--spacing--80);padding-left:var(--wp--preset--spacing--40)\"><div class=\"wp-block-group alignwide is-layout-flow wp-block-group-is-layout-flow\"><div class=\"wp-block-columns is-layout-flex wp-container-core-columns-is-layout-28f84493 wp-block-columns-is-layout-flex\"><div class=\"wp-block-column is-vertically-aligned-center is-layout-flow wp-block-column-is-layout-flow\"><figure class=\"wp-block-image size-large is-resized\"><img data-recalc-dims=\"1\" loading=\"lazy\" decoding=\"async\" width=\"1024\" height=\"512\" src=\"https:\/\/i0.wp.com\/piano-place.org\/wp-content\/uploads\/2024\/10\/banner-web-1.png?resize=1024%2C512&#038;ssl=1\" alt=\"\" class=\"wp-image-191\" style=\"width:1068px;height:auto\" srcset=\"https:\/\/i0.wp.com\/piano-place.org\/wp-content\/uploads\/2024\/10\/banner-web-1.png?resize=1024%2C512&amp;ssl=1 1024w, https:\/\/i0.wp.com\/piano-place.org\/wp-content\/uploads\/2024\/10\/banner-web-1.png?resize=300%2C150&amp;ssl=1 300w, https:\/\/i0.wp.com\/piano-place.org\/wp-content\/uploads\/2024\/10\/banner-web-1.png?resize=768%2C384&amp;ssl=1 768w, https:\/\/i0.wp.com\/piano-place.org\/wp-content\/uploads\/2024\/10\/banner-web-1.png?resize=1536%2C768&amp;ssl=1 1536w, https:\/\/i0.wp.com\/piano-place.org\/wp-content\/uploads\/2024\/10\/banner-web-1.png?resize=2048%2C1024&amp;ssl=1 2048w, https:\/\/i0.wp.com\/piano-place.org\/wp-content\/uploads\/2024\/10\/banner-web-1.png?resize=18%2C9&amp;ssl=1 18w, https:\/\/i0.wp.com\/piano-place.org\/wp-content\/uploads\/2024\/10\/banner-web-1.png?resize=1320%2C660&amp;ssl=1 1320w, https:\/\/i0.wp.com\/piano-place.org\/wp-content\/uploads\/2024\/10\/banner-web-1.png?resize=600%2C300&amp;ssl=1 600w, https:\/\/i0.wp.com\/piano-place.org\/wp-content\/uploads\/2024\/10\/banner-web-1.png?w=3000&amp;ssl=1 3000w\" sizes=\"auto, (max-width: 1000px) 100vw, 1000px\" \/><\/figure><\/div><\/div><\/div><\/div><div class=\"wp-block-group alignfull has-raft-fg-alt-color has-raft-bg-inv-background-color has-text-color has-background has-link-color wp-elements-29fe5543477183ff1187b73c967f04c8 is-layout-constrained wp-container-core-group-is-layout-5be2cbe1 wp-block-group-is-layout-constrained\" style=\"margin-top:0;margin-bottom:0;padding-top:var(--wp--preset--spacing--80);padding-right:var(--wp--preset--spacing--40);padding-bottom:var(--wp--preset--spacing--80);padding-left:var(--wp--preset--spacing--40)\"><div class=\"wp-block-columns alignwide is-layout-flex wp-container-core-columns-is-layout-08c01c1c wp-block-columns-is-layout-flex\"><div class=\"wp-block-column is-layout-flow wp-container-core-column-is-layout-1854fbe9 wp-block-column-is-layout-flow\" style=\"border-top-style:none;border-top-width:0px;border-right-style:none;border-right-width:0px;border-bottom-style:none;border-bottom-width:0px;border-left-width:4px;padding-left:var(--wp--preset--spacing--40)\"><h3 class=\"wp-block-heading has-text-align-left has-medium-font-size\">Hobby program <\/h3>\n\n<p class=\"has-text-align-left\">Individual piano or violin lessons, where we explore the basics of the instruments once a week.<\/p><\/div>\n\n<div class=\"wp-block-column is-layout-flow wp-container-core-column-is-layout-1854fbe9 wp-block-column-is-layout-flow\" style=\"border-top-style:none;border-top-width:0px;border-right-style:none;border-right-width:0px;border-bottom-style:none;border-bottom-width:0px;border-left-width:4px;padding-left:var(--wp--preset--spacing--40)\"><h3 class=\"wp-block-heading has-text-align-left has-medium-font-size\">Classical program <\/h3>\n\n<p class=\"has-text-align-left\">Systematic and intensive learning of piano or violin, with lessons twice a week, where we explore music in depth.<\/p><\/div>\n\n<div class=\"wp-block-column is-layout-flow wp-container-core-column-is-layout-1854fbe9 wp-block-column-is-layout-flow\" style=\"border-top-style:none;border-top-width:0px;border-right-style:none;border-right-width:0px;border-bottom-style:none;border-bottom-width:0px;border-left-width:4px;padding-left:var(--wp--preset--spacing--40)\"><h3 class=\"wp-block-heading has-text-align-left has-medium-font-size\">Group program<\/h3>\n\n<p class=\"has-text-align-left\">Group programs designed for the youngest students, who explore the piano or violin through play. <\/p><\/div><\/div><\/div><div class=\"wp-block-group alignfull is-layout-constrained wp-container-core-group-is-layout-73eab25f wp-block-group-is-layout-constrained\" style=\"margin-top:0;margin-bottom:0;padding-top:var(--wp--preset--spacing--80);padding-right:var(--wp--preset--spacing--40);padding-bottom:var(--wp--preset--spacing--80);padding-left:var(--wp--preset--spacing--40)\"><div class=\"wp-block-columns alignwide is-layout-flex wp-container-core-columns-is-layout-47c06fe3 wp-block-columns-is-layout-flex\"><div class=\"wp-block-column is-layout-flow wp-block-column-is-layout-flow\"><figure class=\"wp-block-gallery has-nested-images columns-default is-cropped wp-block-gallery-1 is-layout-flex wp-block-gallery-is-layout-flex\"><figure class=\"wp-block-image size-large is-style-default\"><img data-recalc-dims=\"1\" loading=\"lazy\" decoding=\"async\" width=\"684\" height=\"1024\" data-id=\"193\" src=\"https:\/\/i0.wp.com\/piano-place.org\/wp-content\/uploads\/2024\/10\/5.jpg?resize=684%2C1024&#038;ssl=1\" alt=\"\" class=\"wp-image-193\" style=\"aspect-ratio:1;object-fit:cover\" srcset=\"https:\/\/i0.wp.com\/piano-place.org\/wp-content\/uploads\/2024\/10\/5.jpg?resize=684%2C1024&amp;ssl=1 684w, https:\/\/i0.wp.com\/piano-place.org\/wp-content\/uploads\/2024\/10\/5.jpg?resize=200%2C300&amp;ssl=1 200w, https:\/\/i0.wp.com\/piano-place.org\/wp-content\/uploads\/2024\/10\/5.jpg?resize=768%2C1150&amp;ssl=1 768w, https:\/\/i0.wp.com\/piano-place.org\/wp-content\/uploads\/2024\/10\/5.jpg?resize=1026%2C1536&amp;ssl=1 1026w, https:\/\/i0.wp.com\/piano-place.org\/wp-content\/uploads\/2024\/10\/5.jpg?resize=8%2C12&amp;ssl=1 8w, https:\/\/i0.wp.com\/piano-place.org\/wp-content\/uploads\/2024\/10\/5.jpg?resize=600%2C898&amp;ssl=1 600w, https:\/\/i0.wp.com\/piano-place.org\/wp-content\/uploads\/2024\/10\/5.jpg?w=1068&amp;ssl=1 1068w\" sizes=\"auto, (max-width: 684px) 100vw, 684px\" \/><\/figure><\/figure><\/div>\n\n<div class=\"wp-block-column is-vertically-aligned-center is-layout-flow wp-block-column-is-layout-flow\"><h2 class=\"wp-block-heading\">Let's create something wonderful <\/h2>\n\n<p><strong>Join our musical family!<\/strong>\u00a0Are you looking for a piano teacher to help you develop your musical abilities? Our programs for adults and children are tailored to your needs and skill level. Whether you are a beginner or want to improve your skills, we will be with you every step of the way. <\/p>\n\n<div class=\"wp-block-buttons is-layout-flex wp-block-buttons-is-layout-flex\"><div class=\"wp-block-button\"><a class=\"wp-block-button__link wp-element-button\">Get to know me <\/a><\/div><\/div><\/div><\/div><\/div><div class=\"wp-block-group alignfull has-raft-bg-alt-background-color has-background is-layout-constrained wp-container-core-group-is-layout-73eab25f wp-block-group-is-layout-constrained\" style=\"margin-top:0;margin-bottom:0;padding-top:var(--wp--preset--spacing--80);padding-right:var(--wp--preset--spacing--40);padding-bottom:var(--wp--preset--spacing--80);padding-left:var(--wp--preset--spacing--40)\"><div class=\"wp-block-group alignwide is-layout-flow wp-container-core-group-is-layout-19eabfb7 wp-block-group-is-layout-flow\"><p class=\"has-text-align-center has-medium-font-size\">\"\u2026Truly cheerful, patient, 'Slovenian,' full of energy, quick-fingered\u2026\"<\/p>\n\n<p class=\"has-text-align-center has-raft-accent-color has-text-color has-link-color has-medium-font-size wp-elements-fa402e63e59ca40a6098b2aa9dc94cdf\">\u2605 \u2605 \u2605 \u2605 \u2605<\/p>\n\n<p class=\"has-text-align-center has-small-font-size\" style=\"font-style:normal;font-weight:600;letter-spacing:2px;text-transform:uppercase\"><\/p><\/div><\/div><div class=\"wp-block-group alignfull has-raft-fg-alt-color has-raft-bg-inv-background-color has-text-color has-background has-link-color wp-elements-e141e767fec425a2280d387f00de340d is-layout-flow wp-container-core-group-is-layout-60ec7785 wp-block-group-is-layout-flow\" style=\"margin-top:0;margin-bottom:0;padding-top:0;padding-right:0;padding-bottom:0;padding-left:0\"><div class=\"wp-block-columns is-layout-flex wp-container-core-columns-is-layout-87535699 wp-block-columns-is-layout-flex\" style=\"margin-top:0;margin-bottom:0;padding-top:0;padding-right:0;padding-bottom:0;padding-left:0\"><div class=\"wp-block-column is-vertically-aligned-stretch is-layout-flow wp-block-column-is-layout-flow\" style=\"padding-top:0;padding-right:0;padding-bottom:0;padding-left:0;flex-basis:50%\"><figure data-wp-context=\"{&quot;imageId&quot;:&quot;69f1c09739cee&quot;}\" data-wp-interactive=\"core\/image\" data-wp-key=\"69f1c09739cee\" class=\"wp-block-image aligncenter size-large wp-lightbox-container\"><img data-recalc-dims=\"1\" loading=\"lazy\" decoding=\"async\" width=\"1024\" height=\"683\" data-wp-class--hide=\"state.isContentHidden\" data-wp-class--show=\"state.isContentVisible\" data-wp-init=\"callbacks.setButtonStyles\" data-wp-on--click=\"actions.showLightbox\" data-wp-on--load=\"callbacks.setButtonStyles\" data-wp-on-window--resize=\"callbacks.setButtonStyles\" src=\"https:\/\/i0.wp.com\/piano-place.org\/wp-content\/uploads\/2024\/10\/IMG_3963.jpg?resize=1024%2C683&#038;ssl=1\" alt=\"\" class=\"wp-image-194\" style=\"aspect-ratio:1;object-fit:cover\" srcset=\"https:\/\/i0.wp.com\/piano-place.org\/wp-content\/uploads\/2024\/10\/IMG_3963.jpg?resize=1024%2C683&amp;ssl=1 1024w, https:\/\/i0.wp.com\/piano-place.org\/wp-content\/uploads\/2024\/10\/IMG_3963.jpg?resize=300%2C200&amp;ssl=1 300w, https:\/\/i0.wp.com\/piano-place.org\/wp-content\/uploads\/2024\/10\/IMG_3963.jpg?resize=768%2C513&amp;ssl=1 768w, https:\/\/i0.wp.com\/piano-place.org\/wp-content\/uploads\/2024\/10\/IMG_3963.jpg?resize=18%2C12&amp;ssl=1 18w, https:\/\/i0.wp.com\/piano-place.org\/wp-content\/uploads\/2024\/10\/IMG_3963.jpg?resize=1320%2C881&amp;ssl=1 1320w, https:\/\/i0.wp.com\/piano-place.org\/wp-content\/uploads\/2024\/10\/IMG_3963.jpg?resize=600%2C400&amp;ssl=1 600w, https:\/\/i0.wp.com\/piano-place.org\/wp-content\/uploads\/2024\/10\/IMG_3963.jpg?w=1440&amp;ssl=1 1440w\" sizes=\"auto, (max-width: 1000px) 100vw, 1000px\" \/><button\n\t\t\tclass=\"lightbox-trigger\"\n\t\t\ttype=\"button\"\n\t\t\taria-haspopup=\"dialog\"\n\t\t\taria-label=\"Enlarge\"\n\t\t\tdata-wp-init=\"callbacks.initTriggerButton\"\n\t\t\tdata-wp-on--click=\"actions.showLightbox\"\n\t\t\tdata-wp-style--right=\"state.imageButtonRight\"\n\t\t\tdata-wp-style--top=\"state.imageButtonTop\"\n\t\t>\n\t\t\t<svg xmlns=\"http:\/\/www.w3.org\/2000\/svg\" width=\"12\" height=\"12\" fill=\"none\" viewbox=\"0 0 12 12\">\n\t\t\t\t<path fill=\"#fff\" d=\"M2 0a2 2 0 0 0-2 2v2h1.5V2a.5.5 0 0 1 .5-.5h2V0H2Zm2 10.5H2a.5.5 0 0 1-.5-.5V8H0v2a2 2 0 0 0 2 2h2v-1.5ZM8 12v-1.5h2a.5.5 0 0 0 .5-.5V8H12v2a2 2 0 0 1-2 2H8Zm2-12a2 2 0 0 1 2 2v2h-1.5V2a.5.5 0 0 0-.5-.5H8V0h2Z\" \/>\n\t\t\t<\/svg>\n\t\t<\/button><\/figure><\/div>\n\n<div class=\"wp-block-column is-vertically-aligned-center is-layout-constrained wp-container-core-column-is-layout-c40bd83a wp-block-column-is-layout-constrained\" style=\"padding-top:var(--wp--preset--spacing--80);padding-right:var(--wp--preset--spacing--60);padding-bottom:var(--wp--preset--spacing--80);padding-left:var(--wp--preset--spacing--60);flex-basis:50%\"><div class=\"wp-block-group is-layout-constrained wp-container-core-group-is-layout-92b9201d wp-block-group-is-layout-constrained\"><p class=\"has-small-font-size\" style=\"font-style:normal;font-weight:600;letter-spacing:2px;text-transform:uppercase\">U\u010cNA URA KLAVIRJA ALI VIOLINE <\/p>\n\n<h2 class=\"wp-block-heading has-huge-font-size\">Odkrijte veselje do glasbe <\/h2>\n\n<p class=\"has-large-font-size\">Pridru\u017eite se na\u0161im u\u010dencem in odkrijte, kako lahko izrazite svojo kreativnost skozi glasbo.\u00a0<\/p><\/div>\n\n<div class=\"wp-block-buttons is-layout-flex wp-block-buttons-is-layout-flex\"><div class=\"wp-block-button\"><a class=\"wp-block-button__link wp-element-button\">Registration for a Lesson <\/a><\/div><\/div><\/div><\/div><\/div>","protected":false},"excerpt":{"rendered":"<p>HOBI PROGRAM Individualne u\u010dne ure klavirja ali violine, kjer enkrat tedensko spoznavamo osnove instrumentov. KLASI\u010cNI PROGRAM Sistemati\u010dno in intenzivno u\u010denje klavirja ali violine, kjer se sre\u010dujemo dvakrat tedensko in poglobljeno spoznavamo glasbo. SKUPINSKI PROGRAM Skupinski programi namenjeni namlaj\u0161im u\u010dencem, ki skozi igro spoznavajo klavir ali violino. Ustvarimo nekaj \u010dudovitega Pridru\u017eite se na\u0161i glasbeni dru\u017eini!\u00a0I\u0161\u010dete u\u010diteljico [&hellip;]<\/p>","protected":false},"author":1,"featured_media":0,"parent":0,"menu_order":0,"comment_status":"closed","ping_status":"closed","template":"template-plain","meta":{"_themeisle_gutenberg_block_has_review":false,"footnotes":""},"class_list":["post-170","page","type-page","status-publish","hentry"],"yoast_head":"<!-- This site is optimized with the Yoast SEO plugin v24.6 - https:\/\/yoast.com\/wordpress\/plugins\/seo\/ -->\n<title>Domov - Piano Place<\/title>\n<meta name=\"robots\" content=\"index, follow, max-snippet:-1, max-image-preview:large, max-video-preview:-1\" \/>\n<link rel=\"canonical\" href=\"https:\/\/piano-place.org\/en\/\" \/>\n<meta property=\"og:locale\" content=\"en_US\" \/>\n<meta property=\"og:type\" content=\"article\" \/>\n<meta property=\"og:title\" content=\"Domov - Piano Place\" \/>\n<meta property=\"og:description\" content=\"HOBI PROGRAM Individualne u\u010dne ure klavirja ali violine, kjer enkrat tedensko spoznavamo osnove instrumentov. KLASI\u010cNI PROGRAM Sistemati\u010dno in intenzivno u\u010denje klavirja ali violine, kjer se sre\u010dujemo dvakrat tedensko in poglobljeno spoznavamo glasbo. SKUPINSKI PROGRAM Skupinski programi namenjeni namlaj\u0161im u\u010dencem, ki skozi igro spoznavajo klavir ali violino. Ustvarimo nekaj \u010dudovitega Pridru\u017eite se na\u0161i glasbeni dru\u017eini!\u00a0I\u0161\u010dete u\u010diteljico [&hellip;]\" \/>\n<meta property=\"og:url\" content=\"https:\/\/piano-place.org\/en\/\" \/>\n<meta property=\"og:site_name\" content=\"Piano Place\" \/>\n<meta property=\"article:modified_time\" content=\"2024-10-31T19:37:06+00:00\" \/>\n<meta property=\"og:image\" content=\"https:\/\/piano-place.org\/wp-content\/uploads\/2024\/10\/banner-web-1-1024x512.png\" \/>\n<meta name=\"twitter:card\" content=\"summary_large_image\" \/>\n<meta name=\"twitter:label1\" content=\"Est. reading time\" \/>\n\t<meta name=\"twitter:data1\" content=\"1 minute\" \/>\n<script type=\"application\/ld+json\" class=\"yoast-schema-graph\">{\"@context\":\"https:\/\/schema.org\",\"@graph\":[{\"@type\":\"WebPage\",\"@id\":\"https:\/\/piano-place.org\/\",\"url\":\"https:\/\/piano-place.org\/\",\"name\":\"Domov - Piano Place\",\"isPartOf\":{\"@id\":\"https:\/\/piano-place.org\/#website\"},\"primaryImageOfPage\":{\"@id\":\"https:\/\/piano-place.org\/#primaryimage\"},\"image\":{\"@id\":\"https:\/\/piano-place.org\/#primaryimage\"},\"thumbnailUrl\":\"https:\/\/piano-place.org\/wp-content\/uploads\/2024\/10\/banner-web-1-1024x512.png\",\"datePublished\":\"2024-10-30T09:42:51+00:00\",\"dateModified\":\"2024-10-31T19:37:06+00:00\",\"breadcrumb\":{\"@id\":\"https:\/\/piano-place.org\/#breadcrumb\"},\"inLanguage\":\"en-US\",\"potentialAction\":[{\"@type\":\"ReadAction\",\"target\":[\"https:\/\/piano-place.org\/\"]}]},{\"@type\":\"ImageObject\",\"inLanguage\":\"en-US\",\"@id\":\"https:\/\/piano-place.org\/#primaryimage\",\"url\":\"https:\/\/piano-place.org\/wp-content\/uploads\/2024\/10\/banner-web-1-1024x512.png\",\"contentUrl\":\"https:\/\/piano-place.org\/wp-content\/uploads\/2024\/10\/banner-web-1-1024x512.png\"},{\"@type\":\"BreadcrumbList\",\"@id\":\"https:\/\/piano-place.org\/#breadcrumb\",\"itemListElement\":[{\"@type\":\"ListItem\",\"position\":1,\"name\":\"Home\",\"item\":\"https:\/\/piano-place.org\/\"},{\"@type\":\"ListItem\",\"position\":2,\"name\":\"Domov\"}]},{\"@type\":\"WebSite\",\"@id\":\"https:\/\/piano-place.org\/#website\",\"url\":\"https:\/\/piano-place.org\/\",\"name\":\"Piano Place\",\"description\":\"\",\"publisher\":{\"@id\":\"https:\/\/piano-place.org\/#organization\"},\"potentialAction\":[{\"@type\":\"SearchAction\",\"target\":{\"@type\":\"EntryPoint\",\"urlTemplate\":\"https:\/\/piano-place.org\/?s={search_term_string}\"},\"query-input\":{\"@type\":\"PropertyValueSpecification\",\"valueRequired\":true,\"valueName\":\"search_term_string\"}}],\"inLanguage\":\"en-US\"},{\"@type\":\"Organization\",\"@id\":\"https:\/\/piano-place.org\/#organization\",\"name\":\"Piano Place\",\"url\":\"https:\/\/piano-place.org\/\",\"logo\":{\"@type\":\"ImageObject\",\"inLanguage\":\"en-US\",\"@id\":\"https:\/\/piano-place.org\/#\/schema\/logo\/image\/\",\"url\":\"https:\/\/piano-place.org\/wp-content\/uploads\/2024\/10\/43c93786-5eb9-43e0-9602-fe0e64f82d5e.png\",\"contentUrl\":\"https:\/\/piano-place.org\/wp-content\/uploads\/2024\/10\/43c93786-5eb9-43e0-9602-fe0e64f82d5e.png\",\"width\":1024,\"height\":1024,\"caption\":\"Piano Place\"},\"image\":{\"@id\":\"https:\/\/piano-place.org\/#\/schema\/logo\/image\/\"}}]}<\/script>\n<!-- \/ Yoast SEO plugin. -->","yoast_head_json":{"title":"Domov - Piano Place","robots":{"index":"index","follow":"follow","max-snippet":"max-snippet:-1","max-image-preview":"max-image-preview:large","max-video-preview":"max-video-preview:-1"},"canonical":"https:\/\/piano-place.org\/en\/","og_locale":"en_US","og_type":"article","og_title":"Domov - Piano Place","og_description":"HOBI PROGRAM Individualne u\u010dne ure klavirja ali violine, kjer enkrat tedensko spoznavamo osnove instrumentov. KLASI\u010cNI PROGRAM Sistemati\u010dno in intenzivno u\u010denje klavirja ali violine, kjer se sre\u010dujemo dvakrat tedensko in poglobljeno spoznavamo glasbo. SKUPINSKI PROGRAM Skupinski programi namenjeni namlaj\u0161im u\u010dencem, ki skozi igro spoznavajo klavir ali violino. Ustvarimo nekaj \u010dudovitega Pridru\u017eite se na\u0161i glasbeni dru\u017eini!\u00a0I\u0161\u010dete u\u010diteljico [&hellip;]","og_url":"https:\/\/piano-place.org\/en\/","og_site_name":"Piano Place","article_modified_time":"2024-10-31T19:37:06+00:00","og_image":[{"url":"https:\/\/piano-place.org\/wp-content\/uploads\/2024\/10\/banner-web-1-1024x512.png","type":"","width":"","height":""}],"twitter_card":"summary_large_image","twitter_misc":{"Est. reading time":"1 minute"},"schema":{"@context":"https:\/\/schema.org","@graph":[{"@type":"WebPage","@id":"https:\/\/piano-place.org\/","url":"https:\/\/piano-place.org\/","name":"Domov - Piano Place","isPartOf":{"@id":"https:\/\/piano-place.org\/#website"},"primaryImageOfPage":{"@id":"https:\/\/piano-place.org\/#primaryimage"},"image":{"@id":"https:\/\/piano-place.org\/#primaryimage"},"thumbnailUrl":"https:\/\/piano-place.org\/wp-content\/uploads\/2024\/10\/banner-web-1-1024x512.png","datePublished":"2024-10-30T09:42:51+00:00","dateModified":"2024-10-31T19:37:06+00:00","breadcrumb":{"@id":"https:\/\/piano-place.org\/#breadcrumb"},"inLanguage":"en-US","potentialAction":[{"@type":"ReadAction","target":["https:\/\/piano-place.org\/"]}]},{"@type":"ImageObject","inLanguage":"en-US","@id":"https:\/\/piano-place.org\/#primaryimage","url":"https:\/\/piano-place.org\/wp-content\/uploads\/2024\/10\/banner-web-1-1024x512.png","contentUrl":"https:\/\/piano-place.org\/wp-content\/uploads\/2024\/10\/banner-web-1-1024x512.png"},{"@type":"BreadcrumbList","@id":"https:\/\/piano-place.org\/#breadcrumb","itemListElement":[{"@type":"ListItem","position":1,"name":"Home","item":"https:\/\/piano-place.org\/"},{"@type":"ListItem","position":2,"name":"Domov"}]},{"@type":"WebSite","@id":"https:\/\/piano-place.org\/#website","url":"https:\/\/piano-place.org\/","name":"Piano Place","description":"","publisher":{"@id":"https:\/\/piano-place.org\/#organization"},"potentialAction":[{"@type":"SearchAction","target":{"@type":"EntryPoint","urlTemplate":"https:\/\/piano-place.org\/?s={search_term_string}"},"query-input":{"@type":"PropertyValueSpecification","valueRequired":true,"valueName":"search_term_string"}}],"inLanguage":"en-US"},{"@type":"Organization","@id":"https:\/\/piano-place.org\/#organization","name":"Piano Place","url":"https:\/\/piano-place.org\/","logo":{"@type":"ImageObject","inLanguage":"en-US","@id":"https:\/\/piano-place.org\/#\/schema\/logo\/image\/","url":"https:\/\/piano-place.org\/wp-content\/uploads\/2024\/10\/43c93786-5eb9-43e0-9602-fe0e64f82d5e.png","contentUrl":"https:\/\/piano-place.org\/wp-content\/uploads\/2024\/10\/43c93786-5eb9-43e0-9602-fe0e64f82d5e.png","width":1024,"height":1024,"caption":"Piano Place"},"image":{"@id":"https:\/\/piano-place.org\/#\/schema\/logo\/image\/"}}]}},"jetpack_sharing_enabled":true,"brizy_media":[],"_links":{"self":[{"href":"https:\/\/piano-place.org\/en\/wp-json\/wp\/v2\/pages\/170","targetHints":{"allow":["GET"]}}],"collection":[{"href":"https:\/\/piano-place.org\/en\/wp-json\/wp\/v2\/pages"}],"about":[{"href":"https:\/\/piano-place.org\/en\/wp-json\/wp\/v2\/types\/page"}],"author":[{"embeddable":true,"href":"https:\/\/piano-place.org\/en\/wp-json\/wp\/v2\/users\/1"}],"replies":[{"embeddable":true,"href":"https:\/\/piano-place.org\/en\/wp-json\/wp\/v2\/comments?post=170"}],"version-history":[{"count":3,"href":"https:\/\/piano-place.org\/en\/wp-json\/wp\/v2\/pages\/170\/revisions"}],"predecessor-version":[{"id":195,"href":"https:\/\/piano-place.org\/en\/wp-json\/wp\/v2\/pages\/170\/revisions\/195"}],"wp:attachment":[{"href":"https:\/\/piano-place.org\/en\/wp-json\/wp\/v2\/media?parent=170"}],"curies":[{"name":"wp","href":"https:\/\/api.w.org\/{rel}","templated":true}]}}