{"id":226,"date":"2024-11-02T09:51:34","date_gmt":"2024-11-02T08:51:34","guid":{"rendered":"https:\/\/piano-place.org\/?page_id=226"},"modified":"2026-04-06T13:58:47","modified_gmt":"2026-04-06T12:58:47","slug":"koncerti","status":"publish","type":"page","link":"https:\/\/piano-place.org\/en\/koncerti\/","title":{"rendered":"Concerts"},"content":{"rendered":"<div class=\"brz-root__container brz-reset-all brz brz-root__container-page\">\n<section id=\"edb86fde73eb81718e5c_dyvTC1sdGt0C\" class=\"brz-section brz-css-atv3bz\">\n<div class=\"brz-section__content brz-section--boxed brz-css-19k3kis brz-css-utgnm4\" data-brz-custom-id=\"jxM3z66QwsmQ\">\n<div class=\"brz-container brz-css-krlyyf brz-css-ucq4k4\">\n<div class=\"brz-row__container brz-css-1cgx12o\" data-brz-custom-id=\"gbLxnKwh5diH\">\n<div class=\"brz-bg\"><\/div>\n<div class=\"brz-row brz-css-kao5kq brz-css-urqdlx\">\n<div class=\"brz-columns brz-css-drpu38 brz-css-162z0ps\" data-brz-custom-id=\"tUR6PIo4TzZk\">\n<div class=\"brz-bg\"><\/div>\n<div class=\"brz-column__items brz-css-1haa3gu\">\n<div id=\"\" class=\"brz-css-1mnflyk brz-wrapper\">\n<div class=\"brz-image brz-css-11rdn21\" data-brz-custom-id=\"y9lIchkEJoKa\"><img data-recalc-dims=\"1\" decoding=\"async\" class=\"brz-img\" src=\"https:\/\/i0.wp.com\/piano-place.org\/wp-content\/uploads\/2025\/02\/3928af3d-2e5d-4249-a863-a82d8758af0d.jpg?ssl=1\" alt=\"\" loading=\"lazy\"><\/div>\n<\/div>\n<\/div>\n<\/div>\n<div class=\"brz-columns brz-css-drpu38 brz-css-ay5ce5\" data-brz-custom-id=\"nQLPyYZxeoEE\">\n<div class=\"brz-bg\"><\/div>\n<div class=\"brz-column__items brz-css-1haa3gu\">\n<div id=\"\" class=\"brz-css-1mnflyk brz-wrapper\">\n<div class=\"brz-rich-text brz-rich-text__custom brz-css-1pkievn\" data-brz-custom-id=\"nJxvHqw71zFD\">\n<div data-brz-translate-text=\"1\">\n<p class=\"brz-tp-lg-paragraph brz-css-lYexw\" data-uniq-id=\"pNEys\" data-generated-css=\"brz-css-yhznR\"><span class=\"brz-cp-color7\">Pridru\u017eite se nam na na\u0161em Spomladanskem koncertu,&nbsp;<\/span><strong class=\"brz-cp-color7\">28. marca 2025<\/strong><span class=\"brz-cp-color7\">&nbsp;at&nbsp;<\/span><strong class=\"brz-cp-color7\">at 6:00 PM<\/strong><span class=\"brz-cp-color7\">, v Muzeju Novej\u0161e in Sodobne zgodovine Slovenije.<\/span><\/p>\n<\/div>\n<\/div>\n<\/div>\n<div id=\"\" class=\"brz-css-1mnflyk brz-wrapper\">\n<div class=\"brz-rich-text brz-rich-text__custom brz-css-1pkievn\" data-brz-custom-id=\"dpSdh57zjZJu\">\n<div data-brz-translate-text=\"1\">\n<p class=\"brz-tp-lg-paragraph brz-css-ij1Vm\" data-uniq-id=\"rybcy\" data-generated-css=\"brz-css-iVuRP\"><span class=\"brz-cp-color7\">We will be performing for you:<\/span><\/p>\n<\/div>\n<\/div>\n<\/div>\n<div id=\"\" class=\"brz-css-1mnflyk brz-wrapper\">\n<div class=\"brz-rich-text brz-rich-text__custom brz-css-1pkievn\" data-brz-custom-id=\"ofp2Z6rWh134\">\n<div data-brz-translate-text=\"1\">\n<ul>\n<li class=\"brz-tp-lg-paragraph brz-css-rKSCq\" data-generated-css=\"brz-css-fLuf8\" data-uniq-id=\"lqtuz\"><strong class=\"brz-cp-color2\">Marija Ro\u017eenko<\/strong><span class=\"brz-cp-color2\">: mezzosoprano<\/span><\/li>\n<li class=\"brz-tp-lg-paragraph brz-css-hbFlc\" data-generated-css=\"brz-css-e5FUb\" data-uniq-id=\"rFhwA\"><strong class=\"brz-cp-color2\">Aleksandra Nomer<\/strong><span class=\"brz-cp-color2\">: piano<\/span><\/li>\n<li class=\"brz-tp-lg-paragraph brz-css-ttjZ2\" data-generated-css=\"brz-css-uEukQ\" data-uniq-id=\"zCW8N\"><strong class=\"brz-cp-color2\">Tatjana Beglova<\/strong><span class=\"brz-cp-color2\">: violin<\/span><\/li>\n<li class=\"brz-tp-lg-paragraph brz-css-pTnx6\" data-generated-css=\"brz-css-nspaL\" data-uniq-id=\"bF9ej\"><strong class=\"brz-cp-color2\">Kristina Kravchenko<\/strong><span class=\"brz-cp-color2\">: flavta<\/span><\/li>\n<li class=\"brz-tp-lg-paragraph brz-css-baLKD\" data-generated-css=\"brz-css-olLi2\" data-uniq-id=\"luPQp\"><strong class=\"brz-cp-color2\">Sofia Chromei<\/strong><span class=\"brz-cp-color2\">: fagot<\/span><\/li>\n<\/ul>\n<\/div>\n<\/div>\n<\/div>\n<div id=\"\" class=\"brz-css-1mnflyk brz-wrapper\">\n<div class=\"brz-rich-text brz-rich-text__custom brz-css-1pkievn\" data-brz-custom-id=\"vbOUWuYBhi4W\">\n<div data-brz-translate-text=\"1\">\n<p class=\"brz-tp-lg-paragraph brz-css-oBZtF\" data-generated-css=\"brz-css-yKs7_\" data-uniq-id=\"nCp2Y\"><span class=\"brz-cp-color2\">Don't miss the opportunity to enjoy beautiful music and create unforgettable memories!<\/span><\/p>\n<\/div>\n<\/div>\n<\/div>\n<\/div>\n<\/div>\n<\/div>\n<\/div>\n<div class=\"brz-wrapper-clone brz-css-1b7yutl\">\n<div class=\"brz-d-xs-flex brz-flex-xs-wrap brz-css-1uggi9k\" data-brz-custom-id=\"\">\n<div class=\"brz-wrapper-clone__item\" id=\"l3RBg5uuID11\"><a class=\"brz-a brz-btn brz-css-xvl0xb brz-css-1k4uyof brz-css-jaobiw brz-css-13bdshe\" href=\"https:\/\/piano-place.org\/en\/product\/pomladni-koncert-2025\/\" target=\"_self\" rel=\"noopener\" data-brz-link-type=\"page\" data-brz-custom-id=\"l3RBg5uuID11\"><span data-brz-translate-text=\"1\" class=\"brz-span brz-text__editor\">BUY TICKETS<\/span><\/a><\/div>\n<\/div>\n<\/div>\n<\/div>\n<\/div>\n<\/section>\n<section id=\"bc09f2b70248bbfd6201_ok2D_hD36tZM\" class=\"brz-section brz-css-atv3bz\">\n<div class=\"brz-section__content brz-section--boxed brz-css-19k3kis brz-css-lwlbfo\" data-brz-custom-id=\"bsbZkct8qtbo\">\n<div class=\"brz-container brz-css-krlyyf brz-css-l1xqj2\">\n<div class=\"brz-row__container brz-css-1cgx12o\" data-brz-custom-id=\"aIwjnQEGAUIp\">\n<div class=\"brz-bg\"><\/div>\n<div class=\"brz-row brz-css-kao5kq brz-css-urqdlx\">\n<div class=\"brz-columns brz-css-drpu38 brz-css-1tjbylm\" data-brz-custom-id=\"rhVZDDDlFH1a\">\n<div class=\"brz-bg\"><\/div>\n<div class=\"brz-column__items brz-css-1haa3gu brz-css-y4b8yc\">\n<div id=\"\" class=\"brz-css-1mnflyk brz-wrapper\">\n<div class=\"brz-rich-text brz-rich-text__custom brz-css-1pkievn\" data-brz-custom-id=\"bhNtNgfjuqS8\">\n<div data-brz-translate-text=\"1\">\n<p data-generated-css=\"brz-css-qrrMt\" data-uniq-id=\"ujy0o\" class=\"brz-tp-lg-empty brz-ff-overpass brz-ft-google brz-fs-lg-36 brz-fss-lg-px brz-fw-lg-700 brz-ls-lg-m_1_5 brz-lh-lg-1_3 brz-vfw-lg-400 brz-fwdth-lg-100 brz-fsft-lg-0 brz-css-gfVNQ\"><em class=\"brz-cp-color2 brz-italic-true\">Pomlad je glasba, ki jo narava igra za nas, dovolj je le odpreti srce, da jo sli\u0161imo.<\/em><\/p>\n<\/div>\n<\/div>\n<\/div>\n<\/div>\n<\/div>\n<div class=\"brz-columns brz-css-drpu38\" data-brz-custom-id=\"fQr1I8PMtLNK\">\n<div class=\"brz-bg\"><\/div>\n<div class=\"brz-column__items brz-css-1haa3gu brz-css-1p5yhck\">\n<div id=\"\" class=\"brz-css-1mnflyk brz-css-1whmo0x brz-wrapper\">\n<div class=\"brz-map brz-map_styles brz-css-93rljo brz-css-1l6i4j1\" data-brz-custom-id=\"cAJDAyic_KOg\">\n<div class=\"brz-ui-ed-map-content\"><\/div>\n<\/div>\n<\/div>\n<\/div>\n<\/div>\n<\/div>\n<\/div>\n<\/div>\n<\/div>\n<\/section>\n<\/div>\n<p>    <!-- version:1740767071 --><\/p>","protected":false},"excerpt":{"rendered":"<p>Pridru\u017eite se nam na na\u0161em Spomladanskem koncertu,&nbsp;28. marca 2025&nbsp;ob&nbsp;18 uri, v Muzeju Novej\u0161e in Sodobne zgodovine Slovenije. Za vas bomo nastopale: Marija Ro\u017eenko: mezzosoprano Aleksandra Nomer: klavir Tatjana Beglova: violina Kristina Kravchenko: flavta Sofia Chromei: fagot Ne zamudite prilo\u017enosti, da u\u017eivate v \u010dudoviti glasbi in ustvarite nepozabne spomine! NAKUP VSTOPNIC Pomlad je glasba, ki jo [&hellip;]<\/p>","protected":false},"author":2,"featured_media":0,"parent":0,"menu_order":0,"comment_status":"closed","ping_status":"closed","template":"","meta":{"_themeisle_gutenberg_block_has_review":false,"footnotes":""},"class_list":["post-226","page","type-page","status-publish","hentry"],"yoast_head":"<!-- This site is optimized with the Yoast SEO plugin v24.6 - https:\/\/yoast.com\/wordpress\/plugins\/seo\/ -->\n<title>Koncerti - Piano Place<\/title>\n<meta name=\"robots\" content=\"index, follow, max-snippet:-1, max-image-preview:large, max-video-preview:-1\" \/>\n<link rel=\"canonical\" href=\"https:\/\/piano-place.org\/en\/koncerti\/\" \/>\n<meta property=\"og:locale\" content=\"en_US\" \/>\n<meta property=\"og:type\" content=\"article\" \/>\n<meta property=\"og:title\" content=\"Koncerti - Piano Place\" \/>\n<meta property=\"og:description\" content=\"Pridru\u017eite se nam na na\u0161em Spomladanskem koncertu,&nbsp;28. marca 2025&nbsp;ob&nbsp;18 uri, v Muzeju Novej\u0161e in Sodobne zgodovine Slovenije. Za vas bomo nastopale: Marija Ro\u017eenko: mezzosoprano Aleksandra Nomer: klavir Tatjana Beglova: violina Kristina Kravchenko: flavta Sofia Chromei: fagot Ne zamudite prilo\u017enosti, da u\u017eivate v \u010dudoviti glasbi in ustvarite nepozabne spomine! NAKUP VSTOPNIC Pomlad je glasba, ki jo [&hellip;]\" \/>\n<meta property=\"og:url\" content=\"https:\/\/piano-place.org\/en\/koncerti\/\" \/>\n<meta property=\"og:site_name\" content=\"Piano Place\" \/>\n<meta property=\"article:modified_time\" content=\"2026-04-06T12:58:47+00:00\" \/>\n<meta property=\"og:image\" content=\"https:\/\/piano-place.org\/wp-content\/uploads\/2025\/02\/3928af3d-2e5d-4249-a863-a82d8758af0d.jpg\" \/>\n<meta name=\"twitter:card\" content=\"summary_large_image\" \/>\n<meta name=\"twitter:label1\" content=\"Est. reading time\" \/>\n\t<meta name=\"twitter:data1\" content=\"1 minute\" \/>\n<script type=\"application\/ld+json\" class=\"yoast-schema-graph\">{\"@context\":\"https:\/\/schema.org\",\"@graph\":[{\"@type\":\"WebPage\",\"@id\":\"https:\/\/piano-place.org\/koncerti\/\",\"url\":\"https:\/\/piano-place.org\/koncerti\/\",\"name\":\"Koncerti - Piano Place\",\"isPartOf\":{\"@id\":\"https:\/\/piano-place.org\/#website\"},\"primaryImageOfPage\":{\"@id\":\"https:\/\/piano-place.org\/koncerti\/#primaryimage\"},\"image\":{\"@id\":\"https:\/\/piano-place.org\/koncerti\/#primaryimage\"},\"thumbnailUrl\":\"https:\/\/piano-place.org\/wp-content\/uploads\/2025\/02\/3928af3d-2e5d-4249-a863-a82d8758af0d.jpg\",\"datePublished\":\"2024-11-02T08:51:34+00:00\",\"dateModified\":\"2026-04-06T12:58:47+00:00\",\"breadcrumb\":{\"@id\":\"https:\/\/piano-place.org\/koncerti\/#breadcrumb\"},\"inLanguage\":\"en-US\",\"potentialAction\":[{\"@type\":\"ReadAction\",\"target\":[\"https:\/\/piano-place.org\/koncerti\/\"]}]},{\"@type\":\"ImageObject\",\"inLanguage\":\"en-US\",\"@id\":\"https:\/\/piano-place.org\/koncerti\/#primaryimage\",\"url\":\"https:\/\/piano-place.org\/wp-content\/uploads\/2025\/02\/3928af3d-2e5d-4249-a863-a82d8758af0d.jpg\",\"contentUrl\":\"https:\/\/piano-place.org\/wp-content\/uploads\/2025\/02\/3928af3d-2e5d-4249-a863-a82d8758af0d.jpg\"},{\"@type\":\"BreadcrumbList\",\"@id\":\"https:\/\/piano-place.org\/koncerti\/#breadcrumb\",\"itemListElement\":[{\"@type\":\"ListItem\",\"position\":1,\"name\":\"Home\",\"item\":\"https:\/\/piano-place.org\/\"},{\"@type\":\"ListItem\",\"position\":2,\"name\":\"Koncerti\"}]},{\"@type\":\"WebSite\",\"@id\":\"https:\/\/piano-place.org\/#website\",\"url\":\"https:\/\/piano-place.org\/\",\"name\":\"Piano Place\",\"description\":\"\",\"publisher\":{\"@id\":\"https:\/\/piano-place.org\/#organization\"},\"potentialAction\":[{\"@type\":\"SearchAction\",\"target\":{\"@type\":\"EntryPoint\",\"urlTemplate\":\"https:\/\/piano-place.org\/?s={search_term_string}\"},\"query-input\":{\"@type\":\"PropertyValueSpecification\",\"valueRequired\":true,\"valueName\":\"search_term_string\"}}],\"inLanguage\":\"en-US\"},{\"@type\":\"Organization\",\"@id\":\"https:\/\/piano-place.org\/#organization\",\"name\":\"Piano Place\",\"url\":\"https:\/\/piano-place.org\/\",\"logo\":{\"@type\":\"ImageObject\",\"inLanguage\":\"en-US\",\"@id\":\"https:\/\/piano-place.org\/#\/schema\/logo\/image\/\",\"url\":\"https:\/\/piano-place.org\/wp-content\/uploads\/2024\/10\/43c93786-5eb9-43e0-9602-fe0e64f82d5e.png\",\"contentUrl\":\"https:\/\/piano-place.org\/wp-content\/uploads\/2024\/10\/43c93786-5eb9-43e0-9602-fe0e64f82d5e.png\",\"width\":1024,\"height\":1024,\"caption\":\"Piano Place\"},\"image\":{\"@id\":\"https:\/\/piano-place.org\/#\/schema\/logo\/image\/\"}}]}<\/script>\n<!-- \/ Yoast SEO plugin. -->","yoast_head_json":{"title":"Koncerti - Piano Place","robots":{"index":"index","follow":"follow","max-snippet":"max-snippet:-1","max-image-preview":"max-image-preview:large","max-video-preview":"max-video-preview:-1"},"canonical":"https:\/\/piano-place.org\/en\/koncerti\/","og_locale":"en_US","og_type":"article","og_title":"Koncerti - Piano Place","og_description":"Pridru\u017eite se nam na na\u0161em Spomladanskem koncertu,&nbsp;28. marca 2025&nbsp;ob&nbsp;18 uri, v Muzeju Novej\u0161e in Sodobne zgodovine Slovenije. Za vas bomo nastopale: Marija Ro\u017eenko: mezzosoprano Aleksandra Nomer: klavir Tatjana Beglova: violina Kristina Kravchenko: flavta Sofia Chromei: fagot Ne zamudite prilo\u017enosti, da u\u017eivate v \u010dudoviti glasbi in ustvarite nepozabne spomine! NAKUP VSTOPNIC Pomlad je glasba, ki jo [&hellip;]","og_url":"https:\/\/piano-place.org\/en\/koncerti\/","og_site_name":"Piano Place","article_modified_time":"2026-04-06T12:58:47+00:00","og_image":[{"url":"https:\/\/piano-place.org\/wp-content\/uploads\/2025\/02\/3928af3d-2e5d-4249-a863-a82d8758af0d.jpg","type":"","width":"","height":""}],"twitter_card":"summary_large_image","twitter_misc":{"Est. reading time":"1 minute"},"schema":{"@context":"https:\/\/schema.org","@graph":[{"@type":"WebPage","@id":"https:\/\/piano-place.org\/koncerti\/","url":"https:\/\/piano-place.org\/koncerti\/","name":"Koncerti - Piano Place","isPartOf":{"@id":"https:\/\/piano-place.org\/#website"},"primaryImageOfPage":{"@id":"https:\/\/piano-place.org\/koncerti\/#primaryimage"},"image":{"@id":"https:\/\/piano-place.org\/koncerti\/#primaryimage"},"thumbnailUrl":"https:\/\/piano-place.org\/wp-content\/uploads\/2025\/02\/3928af3d-2e5d-4249-a863-a82d8758af0d.jpg","datePublished":"2024-11-02T08:51:34+00:00","dateModified":"2026-04-06T12:58:47+00:00","breadcrumb":{"@id":"https:\/\/piano-place.org\/koncerti\/#breadcrumb"},"inLanguage":"en-US","potentialAction":[{"@type":"ReadAction","target":["https:\/\/piano-place.org\/koncerti\/"]}]},{"@type":"ImageObject","inLanguage":"en-US","@id":"https:\/\/piano-place.org\/koncerti\/#primaryimage","url":"https:\/\/piano-place.org\/wp-content\/uploads\/2025\/02\/3928af3d-2e5d-4249-a863-a82d8758af0d.jpg","contentUrl":"https:\/\/piano-place.org\/wp-content\/uploads\/2025\/02\/3928af3d-2e5d-4249-a863-a82d8758af0d.jpg"},{"@type":"BreadcrumbList","@id":"https:\/\/piano-place.org\/koncerti\/#breadcrumb","itemListElement":[{"@type":"ListItem","position":1,"name":"Home","item":"https:\/\/piano-place.org\/"},{"@type":"ListItem","position":2,"name":"Koncerti"}]},{"@type":"WebSite","@id":"https:\/\/piano-place.org\/#website","url":"https:\/\/piano-place.org\/","name":"Piano Place","description":"","publisher":{"@id":"https:\/\/piano-place.org\/#organization"},"potentialAction":[{"@type":"SearchAction","target":{"@type":"EntryPoint","urlTemplate":"https:\/\/piano-place.org\/?s={search_term_string}"},"query-input":{"@type":"PropertyValueSpecification","valueRequired":true,"valueName":"search_term_string"}}],"inLanguage":"en-US"},{"@type":"Organization","@id":"https:\/\/piano-place.org\/#organization","name":"Piano Place","url":"https:\/\/piano-place.org\/","logo":{"@type":"ImageObject","inLanguage":"en-US","@id":"https:\/\/piano-place.org\/#\/schema\/logo\/image\/","url":"https:\/\/piano-place.org\/wp-content\/uploads\/2024\/10\/43c93786-5eb9-43e0-9602-fe0e64f82d5e.png","contentUrl":"https:\/\/piano-place.org\/wp-content\/uploads\/2024\/10\/43c93786-5eb9-43e0-9602-fe0e64f82d5e.png","width":1024,"height":1024,"caption":"Piano Place"},"image":{"@id":"https:\/\/piano-place.org\/#\/schema\/logo\/image\/"}}]}},"jetpack_sharing_enabled":true,"brizy_media":[{"id":394,"url":"https:\/\/piano-place.org\/wp-content\/uploads\/2025\/02\/3928af3d-2e5d-4249-a863-a82d8758af0d.jpg","name":"3928af3d-2e5d-4249-a863-a82d8758af0d.jpg","meta":{"brizy_attachment_uid":"wp-88a8e7f9da9c7c4760e0a4da75cfb384.jpg","brizy_post_uid":["13dc5cddaa70b358af31834a23affdc6"]}}],"_links":{"self":[{"href":"https:\/\/piano-place.org\/en\/wp-json\/wp\/v2\/pages\/226","targetHints":{"allow":["GET"]}}],"collection":[{"href":"https:\/\/piano-place.org\/en\/wp-json\/wp\/v2\/pages"}],"about":[{"href":"https:\/\/piano-place.org\/en\/wp-json\/wp\/v2\/types\/page"}],"author":[{"embeddable":true,"href":"https:\/\/piano-place.org\/en\/wp-json\/wp\/v2\/users\/2"}],"replies":[{"embeddable":true,"href":"https:\/\/piano-place.org\/en\/wp-json\/wp\/v2\/comments?post=226"}],"version-history":[{"count":5,"href":"https:\/\/piano-place.org\/en\/wp-json\/wp\/v2\/pages\/226\/revisions"}],"predecessor-version":[{"id":420,"href":"https:\/\/piano-place.org\/en\/wp-json\/wp\/v2\/pages\/226\/revisions\/420"}],"wp:attachment":[{"href":"https:\/\/piano-place.org\/en\/wp-json\/wp\/v2\/media?parent=226"}],"curies":[{"name":"wp","href":"https:\/\/api.w.org\/{rel}","templated":true}]}}