{"id":23,"date":"2024-10-29T14:42:27","date_gmt":"2024-10-29T13:42:27","guid":{"rendered":"https:\/\/piano-place.org\/services-page\/"},"modified":"2024-11-04T09:31:58","modified_gmt":"2024-11-04T08:31:58","slug":"programi","status":"publish","type":"page","link":"https:\/\/piano-place.org\/en\/programi\/","title":{"rendered":"PROGRAMI"},"content":{"rendered":"<div class=\"wp-block-group alignfull has-raft-bg-alt-background-color has-background is-layout-constrained wp-container-core-group-is-layout-ca21e7af wp-block-group-is-layout-constrained\" style=\"margin-top:0;margin-bottom:0;padding-top:var(--wp--preset--spacing--80);padding-right:var(--wp--preset--spacing--40);padding-bottom:var(--wp--preset--spacing--80);padding-left:var(--wp--preset--spacing--40)\"><h1 class=\"wp-block-heading alignwide has-text-align-center\">OUR PROGRAMS <\/h1><\/div><div class=\"wp-block-group alignfull is-layout-flow wp-container-core-group-is-layout-10d01144 wp-block-group-is-layout-flow\" style=\"margin-top:0px;margin-bottom:0px;padding-top:0px;padding-right:0px;padding-bottom:0px;padding-left:0px\"><div class=\"wp-block-columns are-vertically-aligned-center is-layout-flex wp-container-core-columns-is-layout-d2ca7aa4 wp-block-columns-is-layout-flex\"><div class=\"wp-block-column is-vertically-aligned-center is-layout-flow wp-block-column-is-layout-flow\" style=\"padding-top:32px;padding-right:32px;padding-bottom:32px;padding-left:32px\"><div class=\"wp-block-group is-layout-constrained wp-container-core-group-is-layout-6d6486c8 wp-block-group-is-layout-constrained\"><h2 class=\"wp-block-heading\">Hobby program<\/h2>\n\n<p>In the individual hobby program, we meet once a week. It is designed for anyone who wants to learn the basics of piano (or violin) in a relaxed manner, tailored to their needs. The program also includes a concert performance, exam preparation, and music theory.<\/p>\n\n<p><strong>Duration:<\/strong>&nbsp;30 min, 45 min or 60 min<\/p>\n\n<div class=\"wp-block-buttons is-layout-flex wp-block-buttons-is-layout-flex\"><div class=\"wp-block-button is-style-primary\"><a class=\"wp-block-button__link wp-element-button\" href=\"https:\/\/piano-place.org\/en\/cenik\/\">Price list<\/a><\/div><\/div><\/div><\/div>\n\n<div class=\"wp-block-column is-vertically-aligned-center has-raft-bg-alt-background-color has-background is-layout-flow wp-block-column-is-layout-flow\" style=\"padding-top:32px;padding-right:32px;padding-bottom:32px;padding-left:32px\"><figure class=\"wp-block-gallery aligncenter has-nested-images columns-default is-cropped wp-block-gallery-1 is-layout-flex wp-block-gallery-is-layout-flex\"><figure class=\"wp-block-image size-full\"><img data-recalc-dims=\"1\" loading=\"lazy\" decoding=\"async\" width=\"2380\" height=\"2380\" data-id=\"91\" src=\"https:\/\/i0.wp.com\/piano-place.org\/wp-content\/uploads\/2024\/10\/programi-klavir-.png?resize=2380%2C2380&#038;ssl=1\" alt=\"\" class=\"wp-image-91\" srcset=\"https:\/\/i0.wp.com\/piano-place.org\/wp-content\/uploads\/2024\/10\/programi-klavir-.png?w=2380&amp;ssl=1 2380w, https:\/\/i0.wp.com\/piano-place.org\/wp-content\/uploads\/2024\/10\/programi-klavir-.png?resize=300%2C300&amp;ssl=1 300w, https:\/\/i0.wp.com\/piano-place.org\/wp-content\/uploads\/2024\/10\/programi-klavir-.png?resize=1024%2C1024&amp;ssl=1 1024w, https:\/\/i0.wp.com\/piano-place.org\/wp-content\/uploads\/2024\/10\/programi-klavir-.png?resize=150%2C150&amp;ssl=1 150w, https:\/\/i0.wp.com\/piano-place.org\/wp-content\/uploads\/2024\/10\/programi-klavir-.png?resize=768%2C768&amp;ssl=1 768w, https:\/\/i0.wp.com\/piano-place.org\/wp-content\/uploads\/2024\/10\/programi-klavir-.png?resize=1536%2C1536&amp;ssl=1 1536w, https:\/\/i0.wp.com\/piano-place.org\/wp-content\/uploads\/2024\/10\/programi-klavir-.png?resize=2048%2C2048&amp;ssl=1 2048w, https:\/\/i0.wp.com\/piano-place.org\/wp-content\/uploads\/2024\/10\/programi-klavir-.png?resize=12%2C12&amp;ssl=1 12w, https:\/\/i0.wp.com\/piano-place.org\/wp-content\/uploads\/2024\/10\/programi-klavir-.png?resize=600%2C600&amp;ssl=1 600w, https:\/\/i0.wp.com\/piano-place.org\/wp-content\/uploads\/2024\/10\/programi-klavir-.png?resize=100%2C100&amp;ssl=1 100w\" sizes=\"auto, (max-width: 1000px) 100vw, 1000px\" \/><\/figure><\/figure><\/div><\/div>\n\n<div class=\"wp-block-columns are-vertically-aligned-center is-layout-flex wp-container-core-columns-is-layout-d2ca7aa4 wp-block-columns-is-layout-flex\"><div class=\"wp-block-column is-vertically-aligned-center has-raft-bg-alt-background-color has-background is-layout-flow wp-block-column-is-layout-flow\" style=\"padding-top:32px;padding-right:32px;padding-bottom:32px;padding-left:32px\"><figure class=\"wp-block-image aligncenter size-full\"><img data-recalc-dims=\"1\" loading=\"lazy\" decoding=\"async\" width=\"2380\" height=\"2380\" src=\"https:\/\/i0.wp.com\/piano-place.org\/wp-content\/uploads\/2024\/10\/programi-violina.png?resize=2380%2C2380&#038;ssl=1\" alt=\"\" class=\"wp-image-92\" srcset=\"https:\/\/i0.wp.com\/piano-place.org\/wp-content\/uploads\/2024\/10\/programi-violina.png?w=2380&amp;ssl=1 2380w, https:\/\/i0.wp.com\/piano-place.org\/wp-content\/uploads\/2024\/10\/programi-violina.png?resize=300%2C300&amp;ssl=1 300w, https:\/\/i0.wp.com\/piano-place.org\/wp-content\/uploads\/2024\/10\/programi-violina.png?resize=1024%2C1024&amp;ssl=1 1024w, https:\/\/i0.wp.com\/piano-place.org\/wp-content\/uploads\/2024\/10\/programi-violina.png?resize=150%2C150&amp;ssl=1 150w, https:\/\/i0.wp.com\/piano-place.org\/wp-content\/uploads\/2024\/10\/programi-violina.png?resize=768%2C768&amp;ssl=1 768w, https:\/\/i0.wp.com\/piano-place.org\/wp-content\/uploads\/2024\/10\/programi-violina.png?resize=1536%2C1536&amp;ssl=1 1536w, https:\/\/i0.wp.com\/piano-place.org\/wp-content\/uploads\/2024\/10\/programi-violina.png?resize=2048%2C2048&amp;ssl=1 2048w, https:\/\/i0.wp.com\/piano-place.org\/wp-content\/uploads\/2024\/10\/programi-violina.png?resize=12%2C12&amp;ssl=1 12w, https:\/\/i0.wp.com\/piano-place.org\/wp-content\/uploads\/2024\/10\/programi-violina.png?resize=600%2C600&amp;ssl=1 600w, https:\/\/i0.wp.com\/piano-place.org\/wp-content\/uploads\/2024\/10\/programi-violina.png?resize=100%2C100&amp;ssl=1 100w\" sizes=\"auto, (max-width: 1000px) 100vw, 1000px\" \/><\/figure><\/div>\n\n<div class=\"wp-block-column is-vertically-aligned-center is-layout-flow wp-block-column-is-layout-flow\" style=\"padding-top:32px;padding-right:32px;padding-bottom:32px;padding-left:32px\"><div class=\"wp-block-group is-layout-constrained wp-container-core-group-is-layout-6d6486c8 wp-block-group-is-layout-constrained\"><h2 class=\"wp-block-heading\">Classical program <\/h2>\n\n<p>In traditional individual lessons, we meet twice a week. The program is designed for those who want systematic and intensive learning of piano or violin and is suitable for anyone looking to make progress.<\/p>\n\n<p><strong>Duration:<\/strong>&nbsp;30 min, 45 min or 60 min<\/p>\n\n<div class=\"wp-block-buttons is-layout-flex wp-block-buttons-is-layout-flex\"><div class=\"wp-block-button is-style-primary\"><a class=\"wp-block-button__link wp-element-button\" href=\"https:\/\/piano-place.org\/en\/cenik\/\">Price list<\/a><\/div><\/div><\/div><\/div><\/div>\n\n<div class=\"wp-block-columns are-vertically-aligned-center is-layout-flex wp-container-core-columns-is-layout-d2ca7aa4 wp-block-columns-is-layout-flex\"><div class=\"wp-block-column is-vertically-aligned-center is-layout-flow wp-block-column-is-layout-flow\" style=\"padding-top:32px;padding-right:32px;padding-bottom:32px;padding-left:32px\"><div class=\"wp-block-group is-layout-constrained wp-container-core-group-is-layout-6d6486c8 wp-block-group-is-layout-constrained\"><h2 class=\"wp-block-heading\">GROUP LESSONS FOR THE YOUNGEST <\/h2>\n\n<p>We introduce children to the basics of music, piano\/violin in a fun and interactive way, and teach them the development of musical skills and creativity. Lessons take place in small groups.<\/p>\n\n<p><strong>Duration:<\/strong>&nbsp;once a week for 45 or 60 minutes<\/p>\n\n<div class=\"wp-block-buttons is-layout-flex wp-block-buttons-is-layout-flex\"><div class=\"wp-block-button is-style-primary\"><a class=\"wp-block-button__link wp-element-button\" href=\"https:\/\/piano-place.org\/en\/cenik\/\">Price list<\/a><\/div><\/div><\/div><\/div>\n\n<div class=\"wp-block-column is-vertically-aligned-center has-raft-bg-alt-background-color has-background is-layout-flow wp-block-column-is-layout-flow\" style=\"padding-top:32px;padding-right:32px;padding-bottom:32px;padding-left:32px\"><figure class=\"wp-block-gallery aligncenter has-nested-images columns-default is-cropped wp-block-gallery-2 is-layout-flex wp-block-gallery-is-layout-flex\"><figure class=\"wp-block-image size-full\"><img data-recalc-dims=\"1\" loading=\"lazy\" decoding=\"async\" width=\"2380\" height=\"2380\" data-id=\"144\" src=\"https:\/\/i0.wp.com\/piano-place.org\/wp-content\/uploads\/2024\/10\/otroski-program-.png?resize=2380%2C2380&#038;ssl=1\" alt=\"\" class=\"wp-image-144\" srcset=\"https:\/\/i0.wp.com\/piano-place.org\/wp-content\/uploads\/2024\/10\/otroski-program-.png?w=2380&amp;ssl=1 2380w, https:\/\/i0.wp.com\/piano-place.org\/wp-content\/uploads\/2024\/10\/otroski-program-.png?resize=300%2C300&amp;ssl=1 300w, https:\/\/i0.wp.com\/piano-place.org\/wp-content\/uploads\/2024\/10\/otroski-program-.png?resize=1024%2C1024&amp;ssl=1 1024w, https:\/\/i0.wp.com\/piano-place.org\/wp-content\/uploads\/2024\/10\/otroski-program-.png?resize=150%2C150&amp;ssl=1 150w, https:\/\/i0.wp.com\/piano-place.org\/wp-content\/uploads\/2024\/10\/otroski-program-.png?resize=768%2C768&amp;ssl=1 768w, https:\/\/i0.wp.com\/piano-place.org\/wp-content\/uploads\/2024\/10\/otroski-program-.png?resize=1536%2C1536&amp;ssl=1 1536w, https:\/\/i0.wp.com\/piano-place.org\/wp-content\/uploads\/2024\/10\/otroski-program-.png?resize=2048%2C2048&amp;ssl=1 2048w, https:\/\/i0.wp.com\/piano-place.org\/wp-content\/uploads\/2024\/10\/otroski-program-.png?resize=12%2C12&amp;ssl=1 12w, https:\/\/i0.wp.com\/piano-place.org\/wp-content\/uploads\/2024\/10\/otroski-program-.png?resize=1320%2C1320&amp;ssl=1 1320w, https:\/\/i0.wp.com\/piano-place.org\/wp-content\/uploads\/2024\/10\/otroski-program-.png?resize=600%2C600&amp;ssl=1 600w, https:\/\/i0.wp.com\/piano-place.org\/wp-content\/uploads\/2024\/10\/otroski-program-.png?resize=100%2C100&amp;ssl=1 100w\" sizes=\"auto, (max-width: 1000px) 100vw, 1000px\" \/><\/figure><\/figure><\/div><\/div><\/div><div class=\"wp-block-group alignfull has-raft-fg-alt-color has-raft-accent-background-color has-text-color has-background has-link-color wp-elements-f29adc9abfec683343ef9d3c9f7107b2 is-layout-constrained wp-container-core-group-is-layout-87092498 wp-block-group-is-layout-constrained\" style=\"margin-top:0;margin-bottom:0;padding-top:var(--wp--preset--spacing--80);padding-right:var(--wp--preset--spacing--40);padding-bottom:var(--wp--preset--spacing--80);padding-left:var(--wp--preset--spacing--40)\"><div class=\"wp-block-group is-layout-constrained wp-container-core-group-is-layout-92b9201d wp-block-group-is-layout-constrained\"><p class=\"has-text-align-center has-small-font-size\" style=\"font-style:normal;font-weight:600;letter-spacing:2px;text-transform:uppercase\">DISCOVER YOUR TALENT <\/p>\n\n<h2 class=\"wp-block-heading has-text-align-center has-huge-font-size\">Sign up for our hobby or classical program and enjoy learning piano or violin!<\/h2><\/div>\n\n<div class=\"wp-block-buttons is-content-justification-center is-layout-flex wp-container-core-buttons-is-layout-a89b3969 wp-block-buttons-is-layout-flex\"><div class=\"wp-block-button is-style-outline is-style-outline--3\"><a class=\"wp-block-button__link wp-element-button\" href=\"https:\/\/piano-place.org\/en\/contact-page\/\">Program Registration <\/a><\/div><\/div><\/div>","protected":false},"excerpt":{"rendered":"<p>NA\u0160I PROGRAMI HOBI PROGRAM V individualnem hobi programu se sre\u010dujemo enkrat tedensko. Namenjen je vsem, ki \u017eelite spoznati osnove klavirja (ali violine) in se u\u010diti na spro\u0161\u010den na\u010din, prilagojen va\u0161im potrebam. Vklju\u010dena je tudi izvedba koncerta, priprava na izpit ter glasbena teorija. Trajanje:&nbsp;30 min, 45 min ali 60 min KLASI\u010cNI PROGRAM Pri klasi\u010dnih individualnih urah [&hellip;]<\/p>","protected":false},"author":1,"featured_media":0,"parent":0,"menu_order":0,"comment_status":"closed","ping_status":"closed","template":"template-plain","meta":{"_themeisle_gutenberg_block_has_review":false,"footnotes":""},"class_list":["post-23","page","type-page","status-publish","hentry"],"yoast_head":"<!-- This site is optimized with the Yoast SEO plugin v24.6 - https:\/\/yoast.com\/wordpress\/plugins\/seo\/ -->\n<title>PROGRAMI - Piano Place<\/title>\n<meta name=\"description\" content=\"U\u010denje klavirja in violine za vse generacije. V na\u0161i glasbeni \u0161oli se nau\u010dite osnov glasbe in igranja klavirja ter violine. Prijavite se zdaj.\" \/>\n<meta name=\"robots\" content=\"index, follow, max-snippet:-1, max-image-preview:large, max-video-preview:-1\" \/>\n<link rel=\"canonical\" href=\"https:\/\/piano-place.org\/en\/programi\/\" \/>\n<meta property=\"og:locale\" content=\"en_US\" \/>\n<meta property=\"og:type\" content=\"article\" \/>\n<meta property=\"og:title\" content=\"PROGRAMI - Piano Place\" \/>\n<meta property=\"og:description\" content=\"U\u010denje klavirja in violine za vse generacije. V na\u0161i glasbeni \u0161oli se nau\u010dite osnov glasbe in igranja klavirja ter violine. Prijavite se zdaj.\" \/>\n<meta property=\"og:url\" content=\"https:\/\/piano-place.org\/en\/programi\/\" \/>\n<meta property=\"og:site_name\" content=\"Piano Place\" \/>\n<meta property=\"article:modified_time\" content=\"2024-11-04T08:31:58+00:00\" \/>\n<meta property=\"og:image\" content=\"https:\/\/piano-place.org\/wp-content\/uploads\/2024\/10\/programi-klavir-.png\" \/>\n<meta name=\"twitter:card\" content=\"summary_large_image\" \/>\n<meta name=\"twitter:label1\" content=\"Est. reading time\" \/>\n\t<meta name=\"twitter:data1\" content=\"2 minutes\" \/>\n<script type=\"application\/ld+json\" class=\"yoast-schema-graph\">{\"@context\":\"https:\/\/schema.org\",\"@graph\":[{\"@type\":\"WebPage\",\"@id\":\"https:\/\/piano-place.org\/programi\/\",\"url\":\"https:\/\/piano-place.org\/programi\/\",\"name\":\"PROGRAMI - Piano Place\",\"isPartOf\":{\"@id\":\"https:\/\/piano-place.org\/#website\"},\"primaryImageOfPage\":{\"@id\":\"https:\/\/piano-place.org\/programi\/#primaryimage\"},\"image\":{\"@id\":\"https:\/\/piano-place.org\/programi\/#primaryimage\"},\"thumbnailUrl\":\"https:\/\/piano-place.org\/wp-content\/uploads\/2024\/10\/programi-klavir-.png\",\"datePublished\":\"2024-10-29T13:42:27+00:00\",\"dateModified\":\"2024-11-04T08:31:58+00:00\",\"description\":\"U\u010denje klavirja in violine za vse generacije. V na\u0161i glasbeni \u0161oli se nau\u010dite osnov glasbe in igranja klavirja ter violine. Prijavite se zdaj.\",\"breadcrumb\":{\"@id\":\"https:\/\/piano-place.org\/programi\/#breadcrumb\"},\"inLanguage\":\"en-US\",\"potentialAction\":[{\"@type\":\"ReadAction\",\"target\":[\"https:\/\/piano-place.org\/programi\/\"]}]},{\"@type\":\"ImageObject\",\"inLanguage\":\"en-US\",\"@id\":\"https:\/\/piano-place.org\/programi\/#primaryimage\",\"url\":\"https:\/\/piano-place.org\/wp-content\/uploads\/2024\/10\/programi-klavir-.png\",\"contentUrl\":\"https:\/\/piano-place.org\/wp-content\/uploads\/2024\/10\/programi-klavir-.png\"},{\"@type\":\"BreadcrumbList\",\"@id\":\"https:\/\/piano-place.org\/programi\/#breadcrumb\",\"itemListElement\":[{\"@type\":\"ListItem\",\"position\":1,\"name\":\"Home\",\"item\":\"https:\/\/piano-place.org\/\"},{\"@type\":\"ListItem\",\"position\":2,\"name\":\"PROGRAMI\"}]},{\"@type\":\"WebSite\",\"@id\":\"https:\/\/piano-place.org\/#website\",\"url\":\"https:\/\/piano-place.org\/\",\"name\":\"Piano Place\",\"description\":\"\",\"publisher\":{\"@id\":\"https:\/\/piano-place.org\/#organization\"},\"potentialAction\":[{\"@type\":\"SearchAction\",\"target\":{\"@type\":\"EntryPoint\",\"urlTemplate\":\"https:\/\/piano-place.org\/?s={search_term_string}\"},\"query-input\":{\"@type\":\"PropertyValueSpecification\",\"valueRequired\":true,\"valueName\":\"search_term_string\"}}],\"inLanguage\":\"en-US\"},{\"@type\":\"Organization\",\"@id\":\"https:\/\/piano-place.org\/#organization\",\"name\":\"Piano Place\",\"url\":\"https:\/\/piano-place.org\/\",\"logo\":{\"@type\":\"ImageObject\",\"inLanguage\":\"en-US\",\"@id\":\"https:\/\/piano-place.org\/#\/schema\/logo\/image\/\",\"url\":\"https:\/\/piano-place.org\/wp-content\/uploads\/2024\/10\/43c93786-5eb9-43e0-9602-fe0e64f82d5e.png\",\"contentUrl\":\"https:\/\/piano-place.org\/wp-content\/uploads\/2024\/10\/43c93786-5eb9-43e0-9602-fe0e64f82d5e.png\",\"width\":1024,\"height\":1024,\"caption\":\"Piano Place\"},\"image\":{\"@id\":\"https:\/\/piano-place.org\/#\/schema\/logo\/image\/\"}}]}<\/script>\n<!-- \/ Yoast SEO plugin. -->","yoast_head_json":{"title":"PROGRAMI - Piano Place","description":"U\u010denje klavirja in violine za vse generacije. V na\u0161i glasbeni \u0161oli se nau\u010dite osnov glasbe in igranja klavirja ter violine. Prijavite se zdaj.","robots":{"index":"index","follow":"follow","max-snippet":"max-snippet:-1","max-image-preview":"max-image-preview:large","max-video-preview":"max-video-preview:-1"},"canonical":"https:\/\/piano-place.org\/en\/programi\/","og_locale":"en_US","og_type":"article","og_title":"PROGRAMI - Piano Place","og_description":"U\u010denje klavirja in violine za vse generacije. V na\u0161i glasbeni \u0161oli se nau\u010dite osnov glasbe in igranja klavirja ter violine. Prijavite se zdaj.","og_url":"https:\/\/piano-place.org\/en\/programi\/","og_site_name":"Piano Place","article_modified_time":"2024-11-04T08:31:58+00:00","og_image":[{"url":"https:\/\/piano-place.org\/wp-content\/uploads\/2024\/10\/programi-klavir-.png","type":"","width":"","height":""}],"twitter_card":"summary_large_image","twitter_misc":{"Est. reading time":"2 minutes"},"schema":{"@context":"https:\/\/schema.org","@graph":[{"@type":"WebPage","@id":"https:\/\/piano-place.org\/programi\/","url":"https:\/\/piano-place.org\/programi\/","name":"PROGRAMI - Piano Place","isPartOf":{"@id":"https:\/\/piano-place.org\/#website"},"primaryImageOfPage":{"@id":"https:\/\/piano-place.org\/programi\/#primaryimage"},"image":{"@id":"https:\/\/piano-place.org\/programi\/#primaryimage"},"thumbnailUrl":"https:\/\/piano-place.org\/wp-content\/uploads\/2024\/10\/programi-klavir-.png","datePublished":"2024-10-29T13:42:27+00:00","dateModified":"2024-11-04T08:31:58+00:00","description":"U\u010denje klavirja in violine za vse generacije. V na\u0161i glasbeni \u0161oli se nau\u010dite osnov glasbe in igranja klavirja ter violine. Prijavite se zdaj.","breadcrumb":{"@id":"https:\/\/piano-place.org\/programi\/#breadcrumb"},"inLanguage":"en-US","potentialAction":[{"@type":"ReadAction","target":["https:\/\/piano-place.org\/programi\/"]}]},{"@type":"ImageObject","inLanguage":"en-US","@id":"https:\/\/piano-place.org\/programi\/#primaryimage","url":"https:\/\/piano-place.org\/wp-content\/uploads\/2024\/10\/programi-klavir-.png","contentUrl":"https:\/\/piano-place.org\/wp-content\/uploads\/2024\/10\/programi-klavir-.png"},{"@type":"BreadcrumbList","@id":"https:\/\/piano-place.org\/programi\/#breadcrumb","itemListElement":[{"@type":"ListItem","position":1,"name":"Home","item":"https:\/\/piano-place.org\/"},{"@type":"ListItem","position":2,"name":"PROGRAMI"}]},{"@type":"WebSite","@id":"https:\/\/piano-place.org\/#website","url":"https:\/\/piano-place.org\/","name":"Piano Place","description":"","publisher":{"@id":"https:\/\/piano-place.org\/#organization"},"potentialAction":[{"@type":"SearchAction","target":{"@type":"EntryPoint","urlTemplate":"https:\/\/piano-place.org\/?s={search_term_string}"},"query-input":{"@type":"PropertyValueSpecification","valueRequired":true,"valueName":"search_term_string"}}],"inLanguage":"en-US"},{"@type":"Organization","@id":"https:\/\/piano-place.org\/#organization","name":"Piano Place","url":"https:\/\/piano-place.org\/","logo":{"@type":"ImageObject","inLanguage":"en-US","@id":"https:\/\/piano-place.org\/#\/schema\/logo\/image\/","url":"https:\/\/piano-place.org\/wp-content\/uploads\/2024\/10\/43c93786-5eb9-43e0-9602-fe0e64f82d5e.png","contentUrl":"https:\/\/piano-place.org\/wp-content\/uploads\/2024\/10\/43c93786-5eb9-43e0-9602-fe0e64f82d5e.png","width":1024,"height":1024,"caption":"Piano Place"},"image":{"@id":"https:\/\/piano-place.org\/#\/schema\/logo\/image\/"}}]}},"jetpack_sharing_enabled":true,"brizy_media":[],"_links":{"self":[{"href":"https:\/\/piano-place.org\/en\/wp-json\/wp\/v2\/pages\/23","targetHints":{"allow":["GET"]}}],"collection":[{"href":"https:\/\/piano-place.org\/en\/wp-json\/wp\/v2\/pages"}],"about":[{"href":"https:\/\/piano-place.org\/en\/wp-json\/wp\/v2\/types\/page"}],"author":[{"embeddable":true,"href":"https:\/\/piano-place.org\/en\/wp-json\/wp\/v2\/users\/1"}],"replies":[{"embeddable":true,"href":"https:\/\/piano-place.org\/en\/wp-json\/wp\/v2\/comments?post=23"}],"version-history":[{"count":5,"href":"https:\/\/piano-place.org\/en\/wp-json\/wp\/v2\/pages\/23\/revisions"}],"predecessor-version":[{"id":319,"href":"https:\/\/piano-place.org\/en\/wp-json\/wp\/v2\/pages\/23\/revisions\/319"}],"wp:attachment":[{"href":"https:\/\/piano-place.org\/en\/wp-json\/wp\/v2\/media?parent=23"}],"curies":[{"name":"wp","href":"https:\/\/api.w.org\/{rel}","templated":true}]}}