{"id":24,"date":"2024-10-29T14:42:27","date_gmt":"2024-10-29T13:42:27","guid":{"rendered":"https:\/\/piano-place.org\/contact-page\/"},"modified":"2024-11-02T17:49:04","modified_gmt":"2024-11-02T16:49:04","slug":"contact-page","status":"publish","type":"page","link":"https:\/\/piano-place.org\/en\/contact-page\/","title":{"rendered":"LESSON BOOKING AND CONTACT"},"content":{"rendered":"<figure class=\"wp-block-image alignright size-large is-resized\"><img data-recalc-dims=\"1\" loading=\"lazy\" decoding=\"async\" width=\"1024\" height=\"1024\" src=\"https:\/\/i0.wp.com\/piano-place.org\/wp-content\/uploads\/2024\/10\/contact-form-piano-place-.png?resize=10241024&amp;ssl=1\" alt=\"\" class=\"wp-image-70\" style=\"width:485px;height:auto\" srcset=\"\" sizes=\"auto, (max-width: 1000px) 100vw, 1000px\" data-srcset=\"\" \/><\/figure><p>Do you wish to <strong>book a piano or violin lesson<\/strong>? Or do you perhaps have a question? <\/p><p>We look forward to your messages! Contact us via the information below or the contact form:<\/p><p><strong>Email:<\/strong><br><a>piano.artstudio.nomer@gmail.com <\/a><\/p><p><strong>Telephone number:<\/strong><br>+386 70 639 676<\/p><p><strong>Address:<\/strong><br>Dunajska cesta 48<br>1000 Ljubljana, Slovenia<\/p><p><strong>CONTACT FORM <\/strong><\/p><div class=\"wp-block-group is-layout-constrained wp-block-group-is-layout-constrained\"><div id=\"wp-block-themeisle-blocks-form-a9da5cb9\" class=\"wp-block-themeisle-blocks-form\" data-option-name=\"c2eb8bd854e208da2f71112e4c77e4f3b4dc3c84_a9da5cb9\"><form class=\"otter-form__container\" action=\"\"><div id=\"wp-block-themeisle-blocks-form-input-23a1dd5a\" class=\"wp-block-themeisle-blocks-form-input\"><label for=\"wp-block-themeisle-blocks-form-input-23a1dd5a-input\" class=\"otter-form-input-label\"><span class=\"otter-form-input-label__label\">NAME <\/span><span class=\"required\">*<\/span><\/label><input type=\"text\" id=\"wp-block-themeisle-blocks-form-input-23a1dd5a-input\" required class=\"otter-form-input\"\/><\/div>\n\n<div id=\"wp-block-themeisle-blocks-form-input-dfac62ba\" class=\"wp-block-themeisle-blocks-form-input\"><label for=\"wp-block-themeisle-blocks-form-input-dfac62ba-input\" class=\"otter-form-input-label\"><span class=\"otter-form-input-label__label\">EMAIL<\/span><span class=\"required\">*<\/span><\/label><input type=\"email\" id=\"wp-block-themeisle-blocks-form-input-dfac62ba-input\" required class=\"otter-form-input\"\/><\/div>\n\n<div class=\"protection\" aria-hidden=\"true\"><input type=\"hidden\" id=\"wp-block-themeisle-blocks-form-a9da5cb9_nonce_field\" name=\"wp-block-themeisle-blocks-form-a9da5cb9_nonce_field\" value=\"3e9d76f31a\" \/><input type=\"hidden\" name=\"_wp_http_referer\" value=\"\/en\/wp-json\/wp\/v2\/pages\/24\" \/><input class=\"o-anti-bot\" type=\"checkbox\"><\/div>\n\n<div id=\"wp-block-themeisle-blocks-form-textarea-b858390a\" class=\"wp-block-themeisle-blocks-form-textarea\"><label for=\"wp-block-themeisle-blocks-form-textarea-b858390a-input\" class=\"otter-form-textarea-label\"><span class=\"otter-form-textarea-label__label\">Message<\/span><\/label><textarea id=\"wp-block-themeisle-blocks-form-textarea-b858390a-input\" rows=\"10\" class=\"otter-form-textarea-input\"><\/textarea><\/div>\n\n<p class=\"has-extra-small-font-size\">By submitting a message, you agree to receive our emails and understand that your contact information will be stored with us.<\/p><div class=\"wp-block-button\"><button class=\"wp-block-button__link\" type=\"submit\">Send<\/button><\/div><input type=\"hidden\" name=\"trp-form-language\" value=\"en\"\/><\/form><\/div><\/div><p><\/p><p><\/p><p><\/p>","protected":false},"excerpt":{"rendered":"<p>\u017delite rezervirati u\u010dno uro klavirja ali violine? Ali pa imate morda kak\u0161no vpra\u0161anje? Veselimo se va\u0161ih sporo\u010dil! Kontaktirajte nas preko spodnjih informacij ali kontaktnega obrazca: E-naslov:piano.artstudio.nomer@gmail.com Telefonska \u0161tevilka:+386 70 639 676 Naslov:Dunajska cesta 481000 Ljubljana, Slovenija KONTAKTNI OBRAZEC<\/p>","protected":false},"author":1,"featured_media":0,"parent":0,"menu_order":0,"comment_status":"closed","ping_status":"closed","template":"brizy-blank-template.php","meta":{"_themeisle_gutenberg_block_has_review":false,"footnotes":""},"class_list":["post-24","page","type-page","status-publish","hentry"],"yoast_head":"<!-- This site is optimized with the Yoast SEO plugin v24.6 - https:\/\/yoast.com\/wordpress\/plugins\/seo\/ -->\n<title>REZERVACIJA U\u010cNE URE IN KONTAKT - Piano Place<\/title>\n<meta name=\"robots\" content=\"index, follow, max-snippet:-1, max-image-preview:large, max-video-preview:-1\" \/>\n<link rel=\"canonical\" href=\"https:\/\/piano-place.org\/en\/contact-page\/\" \/>\n<meta property=\"og:locale\" content=\"en_US\" \/>\n<meta property=\"og:type\" content=\"article\" \/>\n<meta property=\"og:title\" content=\"REZERVACIJA U\u010cNE URE IN KONTAKT - Piano Place\" \/>\n<meta property=\"og:description\" content=\"\u017delite rezervirati u\u010dno uro klavirja ali violine? Ali pa imate morda kak\u0161no vpra\u0161anje? Veselimo se va\u0161ih sporo\u010dil! Kontaktirajte nas preko spodnjih informacij ali kontaktnega obrazca: E-naslov:piano.artstudio.nomer@gmail.com Telefonska \u0161tevilka:+386 70 639 676 Naslov:Dunajska cesta 481000 Ljubljana, Slovenija KONTAKTNI OBRAZEC\" \/>\n<meta property=\"og:url\" content=\"https:\/\/piano-place.org\/en\/contact-page\/\" \/>\n<meta property=\"og:site_name\" content=\"Piano Place\" \/>\n<meta property=\"article:modified_time\" content=\"2024-11-02T16:49:04+00:00\" \/>\n<meta property=\"og:image\" content=\"https:\/\/piano-place.org\/wp-content\/uploads\/2024\/10\/contact-form-piano-place--1024x1024.png\" \/>\n<meta name=\"twitter:card\" content=\"summary_large_image\" \/>\n<meta name=\"twitter:label1\" content=\"Est. reading time\" \/>\n\t<meta name=\"twitter:data1\" content=\"1 minute\" \/>\n<script type=\"application\/ld+json\" class=\"yoast-schema-graph\">{\"@context\":\"https:\/\/schema.org\",\"@graph\":[{\"@type\":\"WebPage\",\"@id\":\"https:\/\/piano-place.org\/contact-page\/\",\"url\":\"https:\/\/piano-place.org\/contact-page\/\",\"name\":\"REZERVACIJA U\u010cNE URE IN KONTAKT - Piano Place\",\"isPartOf\":{\"@id\":\"https:\/\/piano-place.org\/#website\"},\"primaryImageOfPage\":{\"@id\":\"https:\/\/piano-place.org\/contact-page\/#primaryimage\"},\"image\":{\"@id\":\"https:\/\/piano-place.org\/contact-page\/#primaryimage\"},\"thumbnailUrl\":\"https:\/\/piano-place.org\/wp-content\/uploads\/2024\/10\/contact-form-piano-place--1024x1024.png\",\"datePublished\":\"2024-10-29T13:42:27+00:00\",\"dateModified\":\"2024-11-02T16:49:04+00:00\",\"breadcrumb\":{\"@id\":\"https:\/\/piano-place.org\/contact-page\/#breadcrumb\"},\"inLanguage\":\"en-US\",\"potentialAction\":[{\"@type\":\"ReadAction\",\"target\":[\"https:\/\/piano-place.org\/contact-page\/\"]}]},{\"@type\":\"ImageObject\",\"inLanguage\":\"en-US\",\"@id\":\"https:\/\/piano-place.org\/contact-page\/#primaryimage\",\"url\":\"https:\/\/piano-place.org\/wp-content\/uploads\/2024\/10\/contact-form-piano-place--1024x1024.png\",\"contentUrl\":\"https:\/\/piano-place.org\/wp-content\/uploads\/2024\/10\/contact-form-piano-place--1024x1024.png\"},{\"@type\":\"BreadcrumbList\",\"@id\":\"https:\/\/piano-place.org\/contact-page\/#breadcrumb\",\"itemListElement\":[{\"@type\":\"ListItem\",\"position\":1,\"name\":\"Home\",\"item\":\"https:\/\/piano-place.org\/\"},{\"@type\":\"ListItem\",\"position\":2,\"name\":\"REZERVACIJA U\u010cNE URE IN KONTAKT\"}]},{\"@type\":\"WebSite\",\"@id\":\"https:\/\/piano-place.org\/#website\",\"url\":\"https:\/\/piano-place.org\/\",\"name\":\"Piano Place\",\"description\":\"\",\"publisher\":{\"@id\":\"https:\/\/piano-place.org\/#organization\"},\"potentialAction\":[{\"@type\":\"SearchAction\",\"target\":{\"@type\":\"EntryPoint\",\"urlTemplate\":\"https:\/\/piano-place.org\/?s={search_term_string}\"},\"query-input\":{\"@type\":\"PropertyValueSpecification\",\"valueRequired\":true,\"valueName\":\"search_term_string\"}}],\"inLanguage\":\"en-US\"},{\"@type\":\"Organization\",\"@id\":\"https:\/\/piano-place.org\/#organization\",\"name\":\"Piano Place\",\"url\":\"https:\/\/piano-place.org\/\",\"logo\":{\"@type\":\"ImageObject\",\"inLanguage\":\"en-US\",\"@id\":\"https:\/\/piano-place.org\/#\/schema\/logo\/image\/\",\"url\":\"https:\/\/piano-place.org\/wp-content\/uploads\/2024\/10\/43c93786-5eb9-43e0-9602-fe0e64f82d5e.png\",\"contentUrl\":\"https:\/\/piano-place.org\/wp-content\/uploads\/2024\/10\/43c93786-5eb9-43e0-9602-fe0e64f82d5e.png\",\"width\":1024,\"height\":1024,\"caption\":\"Piano Place\"},\"image\":{\"@id\":\"https:\/\/piano-place.org\/#\/schema\/logo\/image\/\"}}]}<\/script>\n<!-- \/ Yoast SEO plugin. -->","yoast_head_json":{"title":"REZERVACIJA U\u010cNE URE IN KONTAKT - Piano Place","robots":{"index":"index","follow":"follow","max-snippet":"max-snippet:-1","max-image-preview":"max-image-preview:large","max-video-preview":"max-video-preview:-1"},"canonical":"https:\/\/piano-place.org\/en\/contact-page\/","og_locale":"en_US","og_type":"article","og_title":"REZERVACIJA U\u010cNE URE IN KONTAKT - Piano Place","og_description":"\u017delite rezervirati u\u010dno uro klavirja ali violine? Ali pa imate morda kak\u0161no vpra\u0161anje? Veselimo se va\u0161ih sporo\u010dil! Kontaktirajte nas preko spodnjih informacij ali kontaktnega obrazca: E-naslov:piano.artstudio.nomer@gmail.com Telefonska \u0161tevilka:+386 70 639 676 Naslov:Dunajska cesta 481000 Ljubljana, Slovenija KONTAKTNI OBRAZEC","og_url":"https:\/\/piano-place.org\/en\/contact-page\/","og_site_name":"Piano Place","article_modified_time":"2024-11-02T16:49:04+00:00","og_image":[{"url":"https:\/\/piano-place.org\/wp-content\/uploads\/2024\/10\/contact-form-piano-place--1024x1024.png","type":"","width":"","height":""}],"twitter_card":"summary_large_image","twitter_misc":{"Est. reading time":"1 minute"},"schema":{"@context":"https:\/\/schema.org","@graph":[{"@type":"WebPage","@id":"https:\/\/piano-place.org\/contact-page\/","url":"https:\/\/piano-place.org\/contact-page\/","name":"REZERVACIJA U\u010cNE URE IN KONTAKT - Piano Place","isPartOf":{"@id":"https:\/\/piano-place.org\/#website"},"primaryImageOfPage":{"@id":"https:\/\/piano-place.org\/contact-page\/#primaryimage"},"image":{"@id":"https:\/\/piano-place.org\/contact-page\/#primaryimage"},"thumbnailUrl":"https:\/\/piano-place.org\/wp-content\/uploads\/2024\/10\/contact-form-piano-place--1024x1024.png","datePublished":"2024-10-29T13:42:27+00:00","dateModified":"2024-11-02T16:49:04+00:00","breadcrumb":{"@id":"https:\/\/piano-place.org\/contact-page\/#breadcrumb"},"inLanguage":"en-US","potentialAction":[{"@type":"ReadAction","target":["https:\/\/piano-place.org\/contact-page\/"]}]},{"@type":"ImageObject","inLanguage":"en-US","@id":"https:\/\/piano-place.org\/contact-page\/#primaryimage","url":"https:\/\/piano-place.org\/wp-content\/uploads\/2024\/10\/contact-form-piano-place--1024x1024.png","contentUrl":"https:\/\/piano-place.org\/wp-content\/uploads\/2024\/10\/contact-form-piano-place--1024x1024.png"},{"@type":"BreadcrumbList","@id":"https:\/\/piano-place.org\/contact-page\/#breadcrumb","itemListElement":[{"@type":"ListItem","position":1,"name":"Home","item":"https:\/\/piano-place.org\/"},{"@type":"ListItem","position":2,"name":"REZERVACIJA U\u010cNE URE IN KONTAKT"}]},{"@type":"WebSite","@id":"https:\/\/piano-place.org\/#website","url":"https:\/\/piano-place.org\/","name":"Piano Place","description":"","publisher":{"@id":"https:\/\/piano-place.org\/#organization"},"potentialAction":[{"@type":"SearchAction","target":{"@type":"EntryPoint","urlTemplate":"https:\/\/piano-place.org\/?s={search_term_string}"},"query-input":{"@type":"PropertyValueSpecification","valueRequired":true,"valueName":"search_term_string"}}],"inLanguage":"en-US"},{"@type":"Organization","@id":"https:\/\/piano-place.org\/#organization","name":"Piano Place","url":"https:\/\/piano-place.org\/","logo":{"@type":"ImageObject","inLanguage":"en-US","@id":"https:\/\/piano-place.org\/#\/schema\/logo\/image\/","url":"https:\/\/piano-place.org\/wp-content\/uploads\/2024\/10\/43c93786-5eb9-43e0-9602-fe0e64f82d5e.png","contentUrl":"https:\/\/piano-place.org\/wp-content\/uploads\/2024\/10\/43c93786-5eb9-43e0-9602-fe0e64f82d5e.png","width":1024,"height":1024,"caption":"Piano Place"},"image":{"@id":"https:\/\/piano-place.org\/#\/schema\/logo\/image\/"}}]}},"jetpack_sharing_enabled":true,"brizy_media":[],"_links":{"self":[{"href":"https:\/\/piano-place.org\/en\/wp-json\/wp\/v2\/pages\/24","targetHints":{"allow":["GET"]}}],"collection":[{"href":"https:\/\/piano-place.org\/en\/wp-json\/wp\/v2\/pages"}],"about":[{"href":"https:\/\/piano-place.org\/en\/wp-json\/wp\/v2\/types\/page"}],"author":[{"embeddable":true,"href":"https:\/\/piano-place.org\/en\/wp-json\/wp\/v2\/users\/1"}],"replies":[{"embeddable":true,"href":"https:\/\/piano-place.org\/en\/wp-json\/wp\/v2\/comments?post=24"}],"version-history":[{"count":5,"href":"https:\/\/piano-place.org\/en\/wp-json\/wp\/v2\/pages\/24\/revisions"}],"predecessor-version":[{"id":298,"href":"https:\/\/piano-place.org\/en\/wp-json\/wp\/v2\/pages\/24\/revisions\/298"}],"wp:attachment":[{"href":"https:\/\/piano-place.org\/en\/wp-json\/wp\/v2\/media?parent=24"}],"curies":[{"name":"wp","href":"https:\/\/api.w.org\/{rel}","templated":true}]}}