{"id":25,"date":"2024-10-29T14:42:27","date_gmt":"2024-10-29T13:42:27","guid":{"rendered":"https:\/\/piano-place.org\/about-page\/"},"modified":"2025-02-26T15:27:07","modified_gmt":"2025-02-26T14:27:07","slug":"about-page","status":"publish","type":"page","link":"https:\/\/piano-place.org\/en\/about-page\/","title":{"rendered":"ABOUT US"},"content":{"rendered":"<h1 id=\"wp-block-themeisle-blocks-advanced-heading-c682f543\" class=\"wp-block-themeisle-blocks-advanced-heading wp-block-themeisle-blocks-advanced-heading-c682f543\">ABOUT US<\/h1><div class=\"wp-block-media-text is-stacked-on-mobile\"><figure class=\"wp-block-media-text__media\"><img data-recalc-dims=\"1\" loading=\"lazy\" decoding=\"async\" width=\"819\" height=\"1024\" src=\"https:\/\/i0.wp.com\/piano-place.org\/wp-content\/uploads\/2024\/10\/Aleksandra-Nomer-1-1.jpeg?resize=819%2C1024&#038;ssl=1\" alt=\"\" class=\"wp-image-198 size-full\" srcset=\"https:\/\/i0.wp.com\/piano-place.org\/wp-content\/uploads\/2024\/10\/Aleksandra-Nomer-1-1-scaled.jpeg?resize=819%2C1024&amp;ssl=1 819w, https:\/\/i0.wp.com\/piano-place.org\/wp-content\/uploads\/2024\/10\/Aleksandra-Nomer-1-1-scaled.jpeg?resize=240%2C300&amp;ssl=1 240w, https:\/\/i0.wp.com\/piano-place.org\/wp-content\/uploads\/2024\/10\/Aleksandra-Nomer-1-1-scaled.jpeg?resize=768%2C960&amp;ssl=1 768w, https:\/\/i0.wp.com\/piano-place.org\/wp-content\/uploads\/2024\/10\/Aleksandra-Nomer-1-1-scaled.jpeg?resize=1229%2C1536&amp;ssl=1 1229w, https:\/\/i0.wp.com\/piano-place.org\/wp-content\/uploads\/2024\/10\/Aleksandra-Nomer-1-1-scaled.jpeg?resize=1638%2C2048&amp;ssl=1 1638w, https:\/\/i0.wp.com\/piano-place.org\/wp-content\/uploads\/2024\/10\/Aleksandra-Nomer-1-1-scaled.jpeg?resize=10%2C12&amp;ssl=1 10w, https:\/\/i0.wp.com\/piano-place.org\/wp-content\/uploads\/2024\/10\/Aleksandra-Nomer-1-1-scaled.jpeg?resize=1320%2C1650&amp;ssl=1 1320w, https:\/\/i0.wp.com\/piano-place.org\/wp-content\/uploads\/2024\/10\/Aleksandra-Nomer-1-1-scaled.jpeg?resize=600%2C750&amp;ssl=1 600w, https:\/\/i0.wp.com\/piano-place.org\/wp-content\/uploads\/2024\/10\/Aleksandra-Nomer-1-1-scaled.jpeg?w=2048&amp;ssl=1 2048w\" sizes=\"auto, (max-width: 819px) 100vw, 819px\" \/><\/figure><div class=\"wp-block-media-text__content\"><p><strong>ALEKSANDRA NOMER<\/strong><\/p>\n\n<p>Hello, my name is Aleksandra Nomer, founder of Piano Place. I hold a master's degree from the Academy of Music with a specialization in piano performance, teaching, and accompaniment. My musical journey began in childhood when my first teacher opened the door to the world of music. I became an active participant in international competitions, and my first performance with a symphony orchestra at the age of 12 will always remain in my heart. <\/p><\/div><\/div><div class=\"wp-block-group alignfull has-raft-bg-alt-background-color has-background is-layout-constrained wp-container-core-group-is-layout-ca21e7af wp-block-group-is-layout-constrained\" style=\"margin-top:0;margin-bottom:0;padding-top:var(--wp--preset--spacing--80);padding-right:var(--wp--preset--spacing--40);padding-bottom:var(--wp--preset--spacing--80);padding-left:var(--wp--preset--spacing--40)\"><p>After finishing music school, I entered a specialized music school, where I had the opportunity to learn from exceptional mentors, including the renowned Ukrainian artist, Valery Kozlov. I then continued my studies at the Odessa Academy of Music under the guidance of professor and honored Ukrainian artist, Tatyana Fomina. During this time, I performed on numerous stages and built a repertoire that still inspires me today.<\/p>\n\n<figure class=\"wp-block-image size-large\"><img data-recalc-dims=\"1\" loading=\"lazy\" decoding=\"async\" width=\"1024\" height=\"683\" src=\"https:\/\/i0.wp.com\/piano-place.org\/wp-content\/uploads\/2024\/10\/Aleksandra-Nomer-2.jpeg?resize=1024%2C683&#038;ssl=1\" alt=\"\" class=\"wp-image-199\" srcset=\"https:\/\/i0.wp.com\/piano-place.org\/wp-content\/uploads\/2024\/10\/Aleksandra-Nomer-2.jpeg?resize=1024%2C683&amp;ssl=1 1024w, https:\/\/i0.wp.com\/piano-place.org\/wp-content\/uploads\/2024\/10\/Aleksandra-Nomer-2.jpeg?resize=300%2C200&amp;ssl=1 300w, https:\/\/i0.wp.com\/piano-place.org\/wp-content\/uploads\/2024\/10\/Aleksandra-Nomer-2.jpeg?resize=768%2C512&amp;ssl=1 768w, https:\/\/i0.wp.com\/piano-place.org\/wp-content\/uploads\/2024\/10\/Aleksandra-Nomer-2.jpeg?resize=1536%2C1024&amp;ssl=1 1536w, https:\/\/i0.wp.com\/piano-place.org\/wp-content\/uploads\/2024\/10\/Aleksandra-Nomer-2.jpeg?resize=2048%2C1366&amp;ssl=1 2048w, https:\/\/i0.wp.com\/piano-place.org\/wp-content\/uploads\/2024\/10\/Aleksandra-Nomer-2.jpeg?resize=18%2C12&amp;ssl=1 18w, https:\/\/i0.wp.com\/piano-place.org\/wp-content\/uploads\/2024\/10\/Aleksandra-Nomer-2.jpeg?resize=1320%2C880&amp;ssl=1 1320w, https:\/\/i0.wp.com\/piano-place.org\/wp-content\/uploads\/2024\/10\/Aleksandra-Nomer-2.jpeg?resize=600%2C400&amp;ssl=1 600w\" sizes=\"auto, (max-width: 1000px) 100vw, 1000px\" \/><\/figure>\n\n<p>Moving to Slovenia represented a new chapter in my life, where I am continuing my studies as a concert pianist. <\/p>\n\n<p>With over 12 years of experience, I have created a space where learning is fun and exciting. At our music school, we offer <strong>individual <\/strong>and <strong>group courses<\/strong> as well as opportunities to perform on stage, participate in competitions, and take exams. My philosophy is based on supporting and encouraging students to express their talents and develop a love for music. For me, music is a soul full of emotions, and I hope that through my work, I will inspire future generations of musicians.<\/p>\n\n<p>Music knows no boundaries or age \u2013 it is an adventure full of emotions! I look forward to exploring the world of music with you. <\/p><\/div><div class=\"wp-block-buttons is-content-justification-center is-layout-flex wp-container-core-buttons-is-layout-a89b3969 wp-block-buttons-is-layout-flex\"><div class=\"wp-block-button\"><a class=\"wp-block-button__link wp-element-button\" href=\"https:\/\/piano-place.org\/en\/contact-page\/\">Book your piano lesson <\/a><\/div><\/div><div class=\"wp-block-media-text is-stacked-on-mobile\"><figure class=\"wp-block-media-text__media\"><img data-recalc-dims=\"1\" loading=\"lazy\" decoding=\"async\" width=\"683\" height=\"1024\" src=\"https:\/\/i0.wp.com\/piano-place.org\/wp-content\/uploads\/2024\/11\/Tatjana-Beglova.jpeg?resize=683%2C1024&#038;ssl=1\" alt=\"\" class=\"wp-image-275 size-full\" srcset=\"https:\/\/i0.wp.com\/piano-place.org\/wp-content\/uploads\/2024\/11\/Tatjana-Beglova-scaled.jpeg?resize=683%2C1024&amp;ssl=1 683w, https:\/\/i0.wp.com\/piano-place.org\/wp-content\/uploads\/2024\/11\/Tatjana-Beglova-scaled.jpeg?resize=200%2C300&amp;ssl=1 200w, https:\/\/i0.wp.com\/piano-place.org\/wp-content\/uploads\/2024\/11\/Tatjana-Beglova-scaled.jpeg?resize=768%2C1152&amp;ssl=1 768w, https:\/\/i0.wp.com\/piano-place.org\/wp-content\/uploads\/2024\/11\/Tatjana-Beglova-scaled.jpeg?resize=1024%2C1536&amp;ssl=1 1024w, https:\/\/i0.wp.com\/piano-place.org\/wp-content\/uploads\/2024\/11\/Tatjana-Beglova-scaled.jpeg?resize=1365%2C2048&amp;ssl=1 1365w, https:\/\/i0.wp.com\/piano-place.org\/wp-content\/uploads\/2024\/11\/Tatjana-Beglova-scaled.jpeg?resize=8%2C12&amp;ssl=1 8w, https:\/\/i0.wp.com\/piano-place.org\/wp-content\/uploads\/2024\/11\/Tatjana-Beglova-scaled.jpeg?resize=1320%2C1980&amp;ssl=1 1320w, https:\/\/i0.wp.com\/piano-place.org\/wp-content\/uploads\/2024\/11\/Tatjana-Beglova-scaled.jpeg?resize=600%2C900&amp;ssl=1 600w, https:\/\/i0.wp.com\/piano-place.org\/wp-content\/uploads\/2024\/11\/Tatjana-Beglova-scaled.jpeg?w=1707&amp;ssl=1 1707w\" sizes=\"auto, (max-width: 683px) 100vw, 683px\" \/><\/figure><div class=\"wp-block-media-text__content\"><p>I am Tatjana Beglova, and I teach violin at the private music school Piano Place. I graduated from the Academy of Music in 1994, specializing in violin. Shortly afterward, I began playing in the chamber orchestra of the Moscow Regional Philharmonic under the direction of conductor Rinat Ibragimov. I also played in the Moscow Philharmonic Symphony Orchestra under conductor Yuri Simonov. As part of the Moscow Symphony Orchestra with conductor Arthur Arnold from the Netherlands, I toured in numerous countries. As a teacher, I worked for two years at the Academy of Arabic Music in Syria. I moved to Slovenia in the summer of 2024. My personal teaching motto is as follows: Music requires immense dedication, a lot of personal daily time, effort, and sacrifices \u2013 but the results are fantastic \u2013 enjoying the beautiful melodies of the violin that come from your own hands is something truly unique. I hope my students embark on this interesting yet demanding journey as wonderfully as possible, with a lot of joy, motivation, and satisfaction in their progress and achievements. <\/p><\/div><\/div><div class=\"wp-block-group alignfull has-raft-bg-alt-background-color has-background is-layout-constrained wp-container-core-group-is-layout-c271bb01 wp-block-group-is-layout-constrained\" style=\"margin-top:0;margin-bottom:0;padding-top:var(--wp--preset--spacing--80);padding-right:var(--wp--preset--spacing--40);padding-bottom:var(--wp--preset--spacing--80);padding-left:var(--wp--preset--spacing--40)\"><div class=\"wp-block-buttons is-content-justification-center is-layout-flex wp-container-core-buttons-is-layout-a89b3969 wp-block-buttons-is-layout-flex\"><div class=\"wp-block-button\"><a class=\"wp-block-button__link wp-element-button\" href=\"https:\/\/piano-place.org\/en\/contact-page\/\">Book your violin lesson<\/a><\/div><\/div><\/div><div class=\"wp-block-group alignfull has-raft-fg-alt-color has-raft-bg-inv-background-color has-text-color has-background has-link-color wp-elements-2f0f09f254e6f87a8356c63e0fda8fc9 is-layout-constrained wp-container-core-group-is-layout-c2b63da3 wp-block-group-is-layout-constrained\" style=\"margin-top:0px;margin-bottom:0px;padding-top:var(--wp--preset--spacing--80);padding-right:var(--wp--preset--spacing--40);padding-bottom:var(--wp--preset--spacing--80);padding-left:var(--wp--preset--spacing--40)\"><div class=\"wp-block-group is-layout-constrained wp-container-core-group-is-layout-a099c240 wp-block-group-is-layout-constrained\"><blockquote class=\"wp-block-quote is-layout-flow wp-block-quote-is-layout-flow\"><p>\"In nature, there is nothing more beautiful and perfect than music.<br>It guides a person into the depths of their soul.\"<br>(Marij Kogoj)<\/p><\/blockquote><\/div><\/div><div class=\"wp-block-group alignfull is-layout-constrained wp-container-core-group-is-layout-73eab25f wp-block-group-is-layout-constrained\" style=\"margin-top:0;margin-bottom:0;padding-top:var(--wp--preset--spacing--80);padding-right:var(--wp--preset--spacing--40);padding-bottom:var(--wp--preset--spacing--80);padding-left:var(--wp--preset--spacing--40)\"><div class=\"wp-block-columns alignwide is-layout-flex wp-container-core-columns-is-layout-47c06fe3 wp-block-columns-is-layout-flex\"><div class=\"wp-block-column is-layout-flow wp-block-column-is-layout-flow\"><figure class=\"wp-block-image size-large\"><img data-recalc-dims=\"1\" loading=\"lazy\" decoding=\"async\" width=\"683\" height=\"1024\" src=\"https:\/\/i0.wp.com\/piano-place.org\/wp-content\/uploads\/2024\/10\/10.jpg?resize=683%2C1024&#038;ssl=1\" alt=\"\" class=\"wp-image-200\" style=\"aspect-ratio:1;object-fit:cover\" srcset=\"https:\/\/i0.wp.com\/piano-place.org\/wp-content\/uploads\/2024\/10\/10-scaled.jpg?resize=683%2C1024&amp;ssl=1 683w, https:\/\/i0.wp.com\/piano-place.org\/wp-content\/uploads\/2024\/10\/10-scaled.jpg?resize=200%2C300&amp;ssl=1 200w, https:\/\/i0.wp.com\/piano-place.org\/wp-content\/uploads\/2024\/10\/10-scaled.jpg?resize=768%2C1152&amp;ssl=1 768w, https:\/\/i0.wp.com\/piano-place.org\/wp-content\/uploads\/2024\/10\/10-scaled.jpg?resize=1024%2C1536&amp;ssl=1 1024w, https:\/\/i0.wp.com\/piano-place.org\/wp-content\/uploads\/2024\/10\/10-scaled.jpg?resize=1365%2C2048&amp;ssl=1 1365w, https:\/\/i0.wp.com\/piano-place.org\/wp-content\/uploads\/2024\/10\/10-scaled.jpg?resize=8%2C12&amp;ssl=1 8w, https:\/\/i0.wp.com\/piano-place.org\/wp-content\/uploads\/2024\/10\/10-scaled.jpg?resize=1320%2C1980&amp;ssl=1 1320w, https:\/\/i0.wp.com\/piano-place.org\/wp-content\/uploads\/2024\/10\/10-scaled.jpg?resize=600%2C900&amp;ssl=1 600w, https:\/\/i0.wp.com\/piano-place.org\/wp-content\/uploads\/2024\/10\/10-scaled.jpg?w=1707&amp;ssl=1 1707w\" sizes=\"auto, (max-width: 683px) 100vw, 683px\" \/><\/figure><\/div>\n\n<div class=\"wp-block-column is-vertically-aligned-center is-layout-flow wp-block-column-is-layout-flow\"><h2 class=\"wp-block-heading\">Customized piano or violin lessons for everyone<\/h2>\n\n<p>Join our courses and discover how you can express your creativity through music. Regardless of your previous experience, we will help you develop your ideas and bring them to life.<\/p>\n\n<div class=\"wp-block-buttons is-layout-flex wp-block-buttons-is-layout-flex\"><div class=\"wp-block-button\"><a class=\"wp-block-button__link wp-element-button\" href=\"https:\/\/piano-place.org\/en\/programi\/\">More information<\/a><\/div><\/div><\/div><\/div><\/div>","protected":false},"excerpt":{"rendered":"<p>ALEKSANDRA NOMER \u017divijo, moje ime je Aleksandra Nomer, ustanoviteljica Piano Place. Sem magistrica Akademije za glasbo s specializacijo pianistke, u\u010diteljice in korepetitorke. Moja glasbena pot se je za\u010dela \u017ee v otro\u0161tvu, ko mi je moj prvi u\u010ditelj odprl vrata v svet glasbe. Takrat sem postala aktivna udele\u017eenka mednarodnih tekmovanj, moj prvi nastop s simfoni\u010dnim orkestrom [&hellip;]<\/p>","protected":false},"author":1,"featured_media":0,"parent":0,"menu_order":0,"comment_status":"closed","ping_status":"closed","template":"","meta":{"_themeisle_gutenberg_block_has_review":false,"footnotes":""},"class_list":["post-25","page","type-page","status-publish","hentry"],"yoast_head":"<!-- This site is optimized with the Yoast SEO plugin v24.6 - https:\/\/yoast.com\/wordpress\/plugins\/seo\/ -->\n<title>O NAS - Piano Place<\/title>\n<meta name=\"robots\" content=\"index, follow, max-snippet:-1, max-image-preview:large, max-video-preview:-1\" \/>\n<link rel=\"canonical\" href=\"https:\/\/piano-place.org\/en\/about-page\/\" \/>\n<meta property=\"og:locale\" content=\"en_US\" \/>\n<meta property=\"og:type\" content=\"article\" \/>\n<meta property=\"og:title\" content=\"O NAS - Piano Place\" \/>\n<meta property=\"og:description\" content=\"ALEKSANDRA NOMER \u017divijo, moje ime je Aleksandra Nomer, ustanoviteljica Piano Place. Sem magistrica Akademije za glasbo s specializacijo pianistke, u\u010diteljice in korepetitorke. Moja glasbena pot se je za\u010dela \u017ee v otro\u0161tvu, ko mi je moj prvi u\u010ditelj odprl vrata v svet glasbe. Takrat sem postala aktivna udele\u017eenka mednarodnih tekmovanj, moj prvi nastop s simfoni\u010dnim orkestrom [&hellip;]\" \/>\n<meta property=\"og:url\" content=\"https:\/\/piano-place.org\/en\/about-page\/\" \/>\n<meta property=\"og:site_name\" content=\"Piano Place\" \/>\n<meta property=\"article:modified_time\" content=\"2025-02-26T14:27:07+00:00\" \/>\n<meta property=\"og:image\" content=\"https:\/\/piano-place.org\/wp-content\/uploads\/2024\/10\/Aleksandra-Nomer-1-1-819x1024.jpeg\" \/>\n<meta name=\"twitter:card\" content=\"summary_large_image\" \/>\n<meta name=\"twitter:label1\" content=\"Est. reading time\" \/>\n\t<meta name=\"twitter:data1\" content=\"2 minutes\" \/>\n<script type=\"application\/ld+json\" class=\"yoast-schema-graph\">{\"@context\":\"https:\/\/schema.org\",\"@graph\":[{\"@type\":\"WebPage\",\"@id\":\"https:\/\/piano-place.org\/about-page\/\",\"url\":\"https:\/\/piano-place.org\/about-page\/\",\"name\":\"O NAS - Piano Place\",\"isPartOf\":{\"@id\":\"https:\/\/piano-place.org\/#website\"},\"primaryImageOfPage\":{\"@id\":\"https:\/\/piano-place.org\/about-page\/#primaryimage\"},\"image\":{\"@id\":\"https:\/\/piano-place.org\/about-page\/#primaryimage\"},\"thumbnailUrl\":\"https:\/\/piano-place.org\/wp-content\/uploads\/2024\/10\/Aleksandra-Nomer-1-1-819x1024.jpeg\",\"datePublished\":\"2024-10-29T13:42:27+00:00\",\"dateModified\":\"2025-02-26T14:27:07+00:00\",\"breadcrumb\":{\"@id\":\"https:\/\/piano-place.org\/about-page\/#breadcrumb\"},\"inLanguage\":\"en-US\",\"potentialAction\":[{\"@type\":\"ReadAction\",\"target\":[\"https:\/\/piano-place.org\/about-page\/\"]}]},{\"@type\":\"ImageObject\",\"inLanguage\":\"en-US\",\"@id\":\"https:\/\/piano-place.org\/about-page\/#primaryimage\",\"url\":\"https:\/\/piano-place.org\/wp-content\/uploads\/2024\/10\/Aleksandra-Nomer-1-1-819x1024.jpeg\",\"contentUrl\":\"https:\/\/piano-place.org\/wp-content\/uploads\/2024\/10\/Aleksandra-Nomer-1-1-819x1024.jpeg\"},{\"@type\":\"BreadcrumbList\",\"@id\":\"https:\/\/piano-place.org\/about-page\/#breadcrumb\",\"itemListElement\":[{\"@type\":\"ListItem\",\"position\":1,\"name\":\"Home\",\"item\":\"https:\/\/piano-place.org\/\"},{\"@type\":\"ListItem\",\"position\":2,\"name\":\"O NAS\"}]},{\"@type\":\"WebSite\",\"@id\":\"https:\/\/piano-place.org\/#website\",\"url\":\"https:\/\/piano-place.org\/\",\"name\":\"Piano Place\",\"description\":\"\",\"publisher\":{\"@id\":\"https:\/\/piano-place.org\/#organization\"},\"potentialAction\":[{\"@type\":\"SearchAction\",\"target\":{\"@type\":\"EntryPoint\",\"urlTemplate\":\"https:\/\/piano-place.org\/?s={search_term_string}\"},\"query-input\":{\"@type\":\"PropertyValueSpecification\",\"valueRequired\":true,\"valueName\":\"search_term_string\"}}],\"inLanguage\":\"en-US\"},{\"@type\":\"Organization\",\"@id\":\"https:\/\/piano-place.org\/#organization\",\"name\":\"Piano Place\",\"url\":\"https:\/\/piano-place.org\/\",\"logo\":{\"@type\":\"ImageObject\",\"inLanguage\":\"en-US\",\"@id\":\"https:\/\/piano-place.org\/#\/schema\/logo\/image\/\",\"url\":\"https:\/\/piano-place.org\/wp-content\/uploads\/2024\/10\/43c93786-5eb9-43e0-9602-fe0e64f82d5e.png\",\"contentUrl\":\"https:\/\/piano-place.org\/wp-content\/uploads\/2024\/10\/43c93786-5eb9-43e0-9602-fe0e64f82d5e.png\",\"width\":1024,\"height\":1024,\"caption\":\"Piano Place\"},\"image\":{\"@id\":\"https:\/\/piano-place.org\/#\/schema\/logo\/image\/\"}}]}<\/script>\n<!-- \/ Yoast SEO plugin. -->","yoast_head_json":{"title":"O NAS - Piano Place","robots":{"index":"index","follow":"follow","max-snippet":"max-snippet:-1","max-image-preview":"max-image-preview:large","max-video-preview":"max-video-preview:-1"},"canonical":"https:\/\/piano-place.org\/en\/about-page\/","og_locale":"en_US","og_type":"article","og_title":"O NAS - Piano Place","og_description":"ALEKSANDRA NOMER \u017divijo, moje ime je Aleksandra Nomer, ustanoviteljica Piano Place. Sem magistrica Akademije za glasbo s specializacijo pianistke, u\u010diteljice in korepetitorke. Moja glasbena pot se je za\u010dela \u017ee v otro\u0161tvu, ko mi je moj prvi u\u010ditelj odprl vrata v svet glasbe. Takrat sem postala aktivna udele\u017eenka mednarodnih tekmovanj, moj prvi nastop s simfoni\u010dnim orkestrom [&hellip;]","og_url":"https:\/\/piano-place.org\/en\/about-page\/","og_site_name":"Piano Place","article_modified_time":"2025-02-26T14:27:07+00:00","og_image":[{"url":"https:\/\/piano-place.org\/wp-content\/uploads\/2024\/10\/Aleksandra-Nomer-1-1-819x1024.jpeg","type":"","width":"","height":""}],"twitter_card":"summary_large_image","twitter_misc":{"Est. reading time":"2 minutes"},"schema":{"@context":"https:\/\/schema.org","@graph":[{"@type":"WebPage","@id":"https:\/\/piano-place.org\/about-page\/","url":"https:\/\/piano-place.org\/about-page\/","name":"O NAS - Piano Place","isPartOf":{"@id":"https:\/\/piano-place.org\/#website"},"primaryImageOfPage":{"@id":"https:\/\/piano-place.org\/about-page\/#primaryimage"},"image":{"@id":"https:\/\/piano-place.org\/about-page\/#primaryimage"},"thumbnailUrl":"https:\/\/piano-place.org\/wp-content\/uploads\/2024\/10\/Aleksandra-Nomer-1-1-819x1024.jpeg","datePublished":"2024-10-29T13:42:27+00:00","dateModified":"2025-02-26T14:27:07+00:00","breadcrumb":{"@id":"https:\/\/piano-place.org\/about-page\/#breadcrumb"},"inLanguage":"en-US","potentialAction":[{"@type":"ReadAction","target":["https:\/\/piano-place.org\/about-page\/"]}]},{"@type":"ImageObject","inLanguage":"en-US","@id":"https:\/\/piano-place.org\/about-page\/#primaryimage","url":"https:\/\/piano-place.org\/wp-content\/uploads\/2024\/10\/Aleksandra-Nomer-1-1-819x1024.jpeg","contentUrl":"https:\/\/piano-place.org\/wp-content\/uploads\/2024\/10\/Aleksandra-Nomer-1-1-819x1024.jpeg"},{"@type":"BreadcrumbList","@id":"https:\/\/piano-place.org\/about-page\/#breadcrumb","itemListElement":[{"@type":"ListItem","position":1,"name":"Home","item":"https:\/\/piano-place.org\/"},{"@type":"ListItem","position":2,"name":"O NAS"}]},{"@type":"WebSite","@id":"https:\/\/piano-place.org\/#website","url":"https:\/\/piano-place.org\/","name":"Piano Place","description":"","publisher":{"@id":"https:\/\/piano-place.org\/#organization"},"potentialAction":[{"@type":"SearchAction","target":{"@type":"EntryPoint","urlTemplate":"https:\/\/piano-place.org\/?s={search_term_string}"},"query-input":{"@type":"PropertyValueSpecification","valueRequired":true,"valueName":"search_term_string"}}],"inLanguage":"en-US"},{"@type":"Organization","@id":"https:\/\/piano-place.org\/#organization","name":"Piano Place","url":"https:\/\/piano-place.org\/","logo":{"@type":"ImageObject","inLanguage":"en-US","@id":"https:\/\/piano-place.org\/#\/schema\/logo\/image\/","url":"https:\/\/piano-place.org\/wp-content\/uploads\/2024\/10\/43c93786-5eb9-43e0-9602-fe0e64f82d5e.png","contentUrl":"https:\/\/piano-place.org\/wp-content\/uploads\/2024\/10\/43c93786-5eb9-43e0-9602-fe0e64f82d5e.png","width":1024,"height":1024,"caption":"Piano Place"},"image":{"@id":"https:\/\/piano-place.org\/#\/schema\/logo\/image\/"}}]}},"jetpack_sharing_enabled":true,"brizy_media":[],"_links":{"self":[{"href":"https:\/\/piano-place.org\/en\/wp-json\/wp\/v2\/pages\/25","targetHints":{"allow":["GET"]}}],"collection":[{"href":"https:\/\/piano-place.org\/en\/wp-json\/wp\/v2\/pages"}],"about":[{"href":"https:\/\/piano-place.org\/en\/wp-json\/wp\/v2\/types\/page"}],"author":[{"embeddable":true,"href":"https:\/\/piano-place.org\/en\/wp-json\/wp\/v2\/users\/1"}],"replies":[{"embeddable":true,"href":"https:\/\/piano-place.org\/en\/wp-json\/wp\/v2\/comments?post=25"}],"version-history":[{"count":5,"href":"https:\/\/piano-place.org\/en\/wp-json\/wp\/v2\/pages\/25\/revisions"}],"predecessor-version":[{"id":282,"href":"https:\/\/piano-place.org\/en\/wp-json\/wp\/v2\/pages\/25\/revisions\/282"}],"wp:attachment":[{"href":"https:\/\/piano-place.org\/en\/wp-json\/wp\/v2\/media?parent=25"}],"curies":[{"name":"wp","href":"https:\/\/api.w.org\/{rel}","templated":true}]}}