{"id":288,"date":"2024-11-02T15:48:06","date_gmt":"2024-11-02T14:48:06","guid":{"rendered":"https:\/\/piano-place.org\/?post_type=product&#038;p=288"},"modified":"2025-02-28T16:15:44","modified_gmt":"2025-02-28T15:15:44","slug":"klasicni-bozicni-koncert-2024","status":"publish","type":"product","link":"https:\/\/piano-place.org\/en\/product\/klasicni-bozicni-koncert-2024\/","title":{"rendered":"Ticket for the Classic Christmas Concert"},"content":{"rendered":"<p>Ticket for the Classic Christmas Concert, which will take place on December 13, 2024, at 6:00 PM, at the Academy of Music in Trio Lorenz Hall.<\/p>\r\n<p><img decoding=\"async\" src=\"https:\/\/api.mapbox.com\/styles\/v1\/mapbox\/outdoors-v12\/static\/pin-l+555555(14.5008,46.0509026)\/14.5008,46.0509,11,0\/300x200@2x?access_token=pk.eyJ1IjoiYWx0cmVuZCIsImEiOiJjbTMwMGp5Z2IwZ3RmMmtzN3E5YzVxbXpnIn0.d9xWmtNk-_OVvNp8vbwPvA\" alt=\"Akademija za glasbo, Kongresni trg 1, 1000 Ljubljana\" \/><\/p><p class=\"has-text-align-left\">Performers:<\/p><ul class=\"wp-block-list\">\r\n<li style=\"list-style-type: none;\">\r\n<ul class=\"wp-block-list\"><li><strong>Marija Ro\u017eenko<\/strong>: mezzosoprano<\/li>\r\n\r\n<li><strong>Giselle Ahmadi<\/strong>: soprano<\/li>\r\n\r\n<li><strong>Tatjana Beglova<\/strong>: violin<\/li>\r\n\r\n<li><strong>Aleksandra Nomer<\/strong>: piano<\/li>\r\n<\/ul>\r\n<\/li>\r\n<\/ul>\r\n<ul class=\"wp-block-list\"><\/ul><p>Concert led by <strong>Natalija Kirejeva<\/strong>.<\/p><p>Don't miss the opportunity to enjoy beautiful music and create unforgettable memories!<\/p><p><em>* The ticket price includes a welcome drink.<\/em><\/p>","protected":false},"excerpt":{"rendered":"<p>Pridru\u017eite se nam na na\u0161em Klasi\u010dnem bo\u017ei\u010dnem koncertu, 13. decembra 2024 ob 18 uri, v Dvorani Tria Lorenz, na Akademiji za glasbo. Za vas bomo nastopale: <strong>Marija Ro\u017eenko<\/strong>, <strong>Giselle Ahmadi<\/strong>, <strong>Tatjana Beglova <\/strong>and <strong>Aleksandra Nomer<\/strong>. Koncert bo vodila <strong>Natalija Kirejeva<\/strong>.<br \/>\u00a0Don't miss the opportunity to enjoy beautiful music and create unforgettable memories!<\/p>","protected":false},"featured_media":227,"comment_status":"open","ping_status":"closed","template":"","meta":{"_themeisle_gutenberg_block_has_review":false},"product_brand":[],"product_cat":[24],"product_tag":[],"class_list":{"0":"post-288","1":"product","2":"type-product","3":"status-publish","4":"has-post-thumbnail","6":"product_cat-koncerti","8":"first","9":"outofstock","10":"virtual","11":"purchasable","12":"product-type-simple"},"yoast_head":"<!-- This site is optimized with the Yoast SEO plugin v24.6 - https:\/\/yoast.com\/wordpress\/plugins\/seo\/ -->\n<title>Vstopnica za Klasi\u010dni bo\u017ei\u010dni koncert - Piano Place<\/title>\n<meta name=\"robots\" content=\"index, follow, max-snippet:-1, max-image-preview:large, max-video-preview:-1\" \/>\n<link rel=\"canonical\" href=\"https:\/\/piano-place.org\/en\/product\/klasicni-bozicni-koncert-2024\/\" \/>\n<meta property=\"og:locale\" content=\"en_US\" \/>\n<meta property=\"og:type\" content=\"article\" \/>\n<meta property=\"og:title\" content=\"Vstopnica za Klasi\u010dni bo\u017ei\u010dni koncert - Piano Place\" \/>\n<meta property=\"og:description\" content=\"Pridru\u017eite se nam na na\u0161em Klasi\u010dnem bo\u017ei\u010dnem koncertu, 13. decembra 2024 ob 18 uri, v Dvorani Tria Lorenz, na Akademiji za glasbo. Za vas bomo nastopale: Marija Ro\u017eenko, Giselle Ahmadi, Tatjana Beglova in Aleksandra Nomer. Koncert bo vodila Natalija Kirejeva.\u00a0Ne zamudite prilo\u017enosti, da u\u017eivate v \u010dudoviti glasbi in ustvarite nepozabne spomine!\" \/>\n<meta property=\"og:url\" content=\"https:\/\/piano-place.org\/en\/product\/klasicni-bozicni-koncert-2024\/\" \/>\n<meta property=\"og:site_name\" content=\"Piano Place\" \/>\n<meta property=\"article:modified_time\" content=\"2025-02-28T15:15:44+00:00\" \/>\n<meta property=\"og:image\" content=\"https:\/\/piano-place.org\/wp-content\/uploads\/2024\/11\/bozicni-koncert-.jpeg\" \/>\n\t<meta property=\"og:image:width\" content=\"1291\" \/>\n\t<meta property=\"og:image:height\" content=\"1600\" \/>\n\t<meta property=\"og:image:type\" content=\"image\/jpeg\" \/>\n<meta name=\"twitter:card\" content=\"summary_large_image\" \/>\n<meta name=\"twitter:label1\" content=\"Est. reading time\" \/>\n\t<meta name=\"twitter:data1\" content=\"1 minute\" \/>\n<script type=\"application\/ld+json\" class=\"yoast-schema-graph\">{\"@context\":\"https:\/\/schema.org\",\"@graph\":[{\"@type\":\"WebPage\",\"@id\":\"https:\/\/piano-place.org\/izdelek\/klasicni-bozicni-koncert-2024\/\",\"url\":\"https:\/\/piano-place.org\/izdelek\/klasicni-bozicni-koncert-2024\/\",\"name\":\"Vstopnica za Klasi\u010dni bo\u017ei\u010dni koncert - Piano Place\",\"isPartOf\":{\"@id\":\"https:\/\/piano-place.org\/#website\"},\"primaryImageOfPage\":{\"@id\":\"https:\/\/piano-place.org\/izdelek\/klasicni-bozicni-koncert-2024\/#primaryimage\"},\"image\":{\"@id\":\"https:\/\/piano-place.org\/izdelek\/klasicni-bozicni-koncert-2024\/#primaryimage\"},\"thumbnailUrl\":\"https:\/\/piano-place.org\/wp-content\/uploads\/2024\/11\/bozicni-koncert-.jpeg\",\"datePublished\":\"2024-11-02T14:48:06+00:00\",\"dateModified\":\"2025-02-28T15:15:44+00:00\",\"breadcrumb\":{\"@id\":\"https:\/\/piano-place.org\/izdelek\/klasicni-bozicni-koncert-2024\/#breadcrumb\"},\"inLanguage\":\"en-US\",\"potentialAction\":[{\"@type\":\"ReadAction\",\"target\":[\"https:\/\/piano-place.org\/izdelek\/klasicni-bozicni-koncert-2024\/\"]}]},{\"@type\":\"ImageObject\",\"inLanguage\":\"en-US\",\"@id\":\"https:\/\/piano-place.org\/izdelek\/klasicni-bozicni-koncert-2024\/#primaryimage\",\"url\":\"https:\/\/piano-place.org\/wp-content\/uploads\/2024\/11\/bozicni-koncert-.jpeg\",\"contentUrl\":\"https:\/\/piano-place.org\/wp-content\/uploads\/2024\/11\/bozicni-koncert-.jpeg\",\"width\":1291,\"height\":1600},{\"@type\":\"BreadcrumbList\",\"@id\":\"https:\/\/piano-place.org\/izdelek\/klasicni-bozicni-koncert-2024\/#breadcrumb\",\"itemListElement\":[{\"@type\":\"ListItem\",\"position\":1,\"name\":\"Home\",\"item\":\"https:\/\/piano-place.org\/\"},{\"@type\":\"ListItem\",\"position\":2,\"name\":\"Trgovina\",\"item\":\"https:\/\/piano-place.org\/shop\/\"},{\"@type\":\"ListItem\",\"position\":3,\"name\":\"Vstopnica za Klasi\u010dni bo\u017ei\u010dni koncert\"}]},{\"@type\":\"WebSite\",\"@id\":\"https:\/\/piano-place.org\/#website\",\"url\":\"https:\/\/piano-place.org\/\",\"name\":\"Piano Place\",\"description\":\"\",\"publisher\":{\"@id\":\"https:\/\/piano-place.org\/#organization\"},\"potentialAction\":[{\"@type\":\"SearchAction\",\"target\":{\"@type\":\"EntryPoint\",\"urlTemplate\":\"https:\/\/piano-place.org\/?s={search_term_string}\"},\"query-input\":{\"@type\":\"PropertyValueSpecification\",\"valueRequired\":true,\"valueName\":\"search_term_string\"}}],\"inLanguage\":\"en-US\"},{\"@type\":\"Organization\",\"@id\":\"https:\/\/piano-place.org\/#organization\",\"name\":\"Piano Place\",\"url\":\"https:\/\/piano-place.org\/\",\"logo\":{\"@type\":\"ImageObject\",\"inLanguage\":\"en-US\",\"@id\":\"https:\/\/piano-place.org\/#\/schema\/logo\/image\/\",\"url\":\"https:\/\/piano-place.org\/wp-content\/uploads\/2024\/10\/43c93786-5eb9-43e0-9602-fe0e64f82d5e.png\",\"contentUrl\":\"https:\/\/piano-place.org\/wp-content\/uploads\/2024\/10\/43c93786-5eb9-43e0-9602-fe0e64f82d5e.png\",\"width\":1024,\"height\":1024,\"caption\":\"Piano Place\"},\"image\":{\"@id\":\"https:\/\/piano-place.org\/#\/schema\/logo\/image\/\"}}]}<\/script>\n<!-- \/ Yoast SEO plugin. -->","yoast_head_json":{"title":"Vstopnica za Klasi\u010dni bo\u017ei\u010dni koncert - Piano Place","robots":{"index":"index","follow":"follow","max-snippet":"max-snippet:-1","max-image-preview":"max-image-preview:large","max-video-preview":"max-video-preview:-1"},"canonical":"https:\/\/piano-place.org\/en\/product\/klasicni-bozicni-koncert-2024\/","og_locale":"en_US","og_type":"article","og_title":"Vstopnica za Klasi\u010dni bo\u017ei\u010dni koncert - Piano Place","og_description":"Pridru\u017eite se nam na na\u0161em Klasi\u010dnem bo\u017ei\u010dnem koncertu, 13. decembra 2024 ob 18 uri, v Dvorani Tria Lorenz, na Akademiji za glasbo. Za vas bomo nastopale: Marija Ro\u017eenko, Giselle Ahmadi, Tatjana Beglova in Aleksandra Nomer. Koncert bo vodila Natalija Kirejeva.\u00a0Ne zamudite prilo\u017enosti, da u\u017eivate v \u010dudoviti glasbi in ustvarite nepozabne spomine!","og_url":"https:\/\/piano-place.org\/en\/product\/klasicni-bozicni-koncert-2024\/","og_site_name":"Piano Place","article_modified_time":"2025-02-28T15:15:44+00:00","og_image":[{"width":1291,"height":1600,"url":"https:\/\/piano-place.org\/wp-content\/uploads\/2024\/11\/bozicni-koncert-.jpeg","type":"image\/jpeg"}],"twitter_card":"summary_large_image","twitter_misc":{"Est. reading time":"1 minute"},"schema":{"@context":"https:\/\/schema.org","@graph":[{"@type":"WebPage","@id":"https:\/\/piano-place.org\/izdelek\/klasicni-bozicni-koncert-2024\/","url":"https:\/\/piano-place.org\/izdelek\/klasicni-bozicni-koncert-2024\/","name":"Vstopnica za Klasi\u010dni bo\u017ei\u010dni koncert - Piano Place","isPartOf":{"@id":"https:\/\/piano-place.org\/#website"},"primaryImageOfPage":{"@id":"https:\/\/piano-place.org\/izdelek\/klasicni-bozicni-koncert-2024\/#primaryimage"},"image":{"@id":"https:\/\/piano-place.org\/izdelek\/klasicni-bozicni-koncert-2024\/#primaryimage"},"thumbnailUrl":"https:\/\/piano-place.org\/wp-content\/uploads\/2024\/11\/bozicni-koncert-.jpeg","datePublished":"2024-11-02T14:48:06+00:00","dateModified":"2025-02-28T15:15:44+00:00","breadcrumb":{"@id":"https:\/\/piano-place.org\/izdelek\/klasicni-bozicni-koncert-2024\/#breadcrumb"},"inLanguage":"en-US","potentialAction":[{"@type":"ReadAction","target":["https:\/\/piano-place.org\/izdelek\/klasicni-bozicni-koncert-2024\/"]}]},{"@type":"ImageObject","inLanguage":"en-US","@id":"https:\/\/piano-place.org\/izdelek\/klasicni-bozicni-koncert-2024\/#primaryimage","url":"https:\/\/piano-place.org\/wp-content\/uploads\/2024\/11\/bozicni-koncert-.jpeg","contentUrl":"https:\/\/piano-place.org\/wp-content\/uploads\/2024\/11\/bozicni-koncert-.jpeg","width":1291,"height":1600},{"@type":"BreadcrumbList","@id":"https:\/\/piano-place.org\/izdelek\/klasicni-bozicni-koncert-2024\/#breadcrumb","itemListElement":[{"@type":"ListItem","position":1,"name":"Home","item":"https:\/\/piano-place.org\/"},{"@type":"ListItem","position":2,"name":"Trgovina","item":"https:\/\/piano-place.org\/shop\/"},{"@type":"ListItem","position":3,"name":"Vstopnica za Klasi\u010dni bo\u017ei\u010dni koncert"}]},{"@type":"WebSite","@id":"https:\/\/piano-place.org\/#website","url":"https:\/\/piano-place.org\/","name":"Piano Place","description":"","publisher":{"@id":"https:\/\/piano-place.org\/#organization"},"potentialAction":[{"@type":"SearchAction","target":{"@type":"EntryPoint","urlTemplate":"https:\/\/piano-place.org\/?s={search_term_string}"},"query-input":{"@type":"PropertyValueSpecification","valueRequired":true,"valueName":"search_term_string"}}],"inLanguage":"en-US"},{"@type":"Organization","@id":"https:\/\/piano-place.org\/#organization","name":"Piano Place","url":"https:\/\/piano-place.org\/","logo":{"@type":"ImageObject","inLanguage":"en-US","@id":"https:\/\/piano-place.org\/#\/schema\/logo\/image\/","url":"https:\/\/piano-place.org\/wp-content\/uploads\/2024\/10\/43c93786-5eb9-43e0-9602-fe0e64f82d5e.png","contentUrl":"https:\/\/piano-place.org\/wp-content\/uploads\/2024\/10\/43c93786-5eb9-43e0-9602-fe0e64f82d5e.png","width":1024,"height":1024,"caption":"Piano Place"},"image":{"@id":"https:\/\/piano-place.org\/#\/schema\/logo\/image\/"}}]}},"jetpack_sharing_enabled":true,"_links":{"self":[{"href":"https:\/\/piano-place.org\/en\/wp-json\/wp\/v2\/product\/288","targetHints":{"allow":["GET"]}}],"collection":[{"href":"https:\/\/piano-place.org\/en\/wp-json\/wp\/v2\/product"}],"about":[{"href":"https:\/\/piano-place.org\/en\/wp-json\/wp\/v2\/types\/product"}],"replies":[{"embeddable":true,"href":"https:\/\/piano-place.org\/en\/wp-json\/wp\/v2\/comments?post=288"}],"wp:featuredmedia":[{"embeddable":true,"href":"https:\/\/piano-place.org\/en\/wp-json\/wp\/v2\/media\/227"}],"wp:attachment":[{"href":"https:\/\/piano-place.org\/en\/wp-json\/wp\/v2\/media?parent=288"}],"wp:term":[{"taxonomy":"product_brand","embeddable":true,"href":"https:\/\/piano-place.org\/en\/wp-json\/wp\/v2\/product_brand?post=288"},{"taxonomy":"product_cat","embeddable":true,"href":"https:\/\/piano-place.org\/en\/wp-json\/wp\/v2\/product_cat?post=288"},{"taxonomy":"product_tag","embeddable":true,"href":"https:\/\/piano-place.org\/en\/wp-json\/wp\/v2\/product_tag?post=288"}],"curies":[{"name":"wp","href":"https:\/\/api.w.org\/{rel}","templated":true}]}}