{"id":393,"date":"2025-02-28T14:52:23","date_gmt":"2025-02-28T13:52:23","guid":{"rendered":"https:\/\/piano-place.org\/?post_type=product&#038;p=393"},"modified":"2025-03-28T21:52:20","modified_gmt":"2025-03-28T20:52:20","slug":"pomladni-koncert-2025","status":"publish","type":"product","link":"https:\/\/piano-place.org\/en\/product\/pomladni-koncert-2025\/","title":{"rendered":"Vstopnica za Pomladni koncert"},"content":{"rendered":"<p>Vstopnica za <strong>Pomladni koncert<\/strong>, ki se bo odvijal <strong>28. 3. 2025<\/strong> at <strong>18:00<\/strong>, v <strong>Muzeju novej\u0161e in sodobne zgodovine Slovenije<\/strong>.<\/p>\r\n<p><iframe loading=\"lazy\" style=\"border: 0;\" src=\"https:\/\/www.google.com\/maps\/embed?pb=!1m18!1m12!1m3!1d2768.5952779601716!2d14.492702877494946!3d46.05917039354337!2m3!1f0!2f0!3f0!3m2!1i1024!2i768!4f13.1!3m3!1m2!1s0x476532a151d2f43d%3A0x466f6b46238c8c10!2sNational%20Museum%20of%20Contemporary%20History!5e0!3m2!1sen!2ssi!4v1740754163829!5m2!1sen!2ssi\" width=\"600\" height=\"450\" allowfullscreen=\"allowfullscreen\"><\/iframe><\/p><p class=\"has-text-align-left\">Performers:<\/p><ul class=\"wp-block-list\">\r\n<li style=\"list-style-type: none;\">\r\n<ul class=\"wp-block-list\"><li><strong>Marija Ro\u017eenko<\/strong>: mezzosoprano<\/li>\r\n<li><strong>Aleksandra Nomer<\/strong>: piano<\/li>\r\n<li><strong>Tatjana Beglova<\/strong>: violin<\/li>\r\n\r\n<li><strong>Kristina Kravchenko<\/strong>: flavta<\/li>\r\n<li><strong>Sofiia Chornei<\/strong>: piano<\/li>\r\n<\/ul>\r\n<\/li>\r\n<\/ul>\r\n<ul class=\"wp-block-list\"><\/ul><p><em>Pomlad je glasba, ki jo narava igra za nas, <\/em><em>dovolj je le odpreti srce in jo sli\u0161imo.<\/em><\/p>","protected":false},"excerpt":{"rendered":"<p>Pridru\u017eite se nam na na\u0161em <strong>Pomladnem koncertu<\/strong>, <strong>28. marca 2025<\/strong> at <strong>at 6:00 PM<\/strong>, v <strong>Muzeju novej\u0161e in sodobne zgodovine Slovenije<\/strong>. Za vas bomo nastopale: <strong>Marija Ro\u017eenko<\/strong>, <strong>Aleksandra Nomer<\/strong>, <strong>Tatjana Beglova, Kristina Kravchenko <\/strong>and <strong>Sofiia Chornei<\/strong>.<\/p>\n<p>\u00a0Don't miss the opportunity to enjoy beautiful music and create unforgettable memories!<\/p>\n<p><em>Pomlad je glasba, ki jo narava igra za nas, <\/em><em>dovolj je le odpreti srce in jo sli\u0161imo.<\/em><\/p>","protected":false},"featured_media":394,"comment_status":"open","ping_status":"closed","template":"","meta":{"_themeisle_gutenberg_block_has_review":false},"product_brand":[],"product_cat":[24],"product_tag":[],"class_list":{"0":"post-393","1":"product","2":"type-product","3":"status-publish","4":"has-post-thumbnail","6":"product_cat-koncerti","8":"first","9":"outofstock","10":"shipping-taxable","11":"purchasable","12":"product-type-variable"},"yoast_head":"<!-- This site is optimized with the Yoast SEO plugin v24.6 - https:\/\/yoast.com\/wordpress\/plugins\/seo\/ -->\n<title>Vstopnica za Pomladni koncert - Piano Place<\/title>\n<meta name=\"robots\" content=\"index, follow, max-snippet:-1, max-image-preview:large, max-video-preview:-1\" \/>\n<link rel=\"canonical\" href=\"https:\/\/piano-place.org\/en\/product\/pomladni-koncert-2025\/\" \/>\n<meta property=\"og:locale\" content=\"en_US\" \/>\n<meta property=\"og:type\" content=\"article\" \/>\n<meta property=\"og:title\" content=\"Vstopnica za Pomladni koncert - Piano Place\" \/>\n<meta property=\"og:description\" content=\"Pridru\u017eite se nam na na\u0161em Pomladnem koncertu, 28. marca 2025 ob 18 uri, v Muzeju novej\u0161e in sodobne zgodovine Slovenije. Za vas bomo nastopale: Marija Ro\u017eenko, Aleksandra Nomer, Tatjana Beglova, Kristina Kravchenko in Sofiia Chornei.\u00a0Ne zamudite prilo\u017enosti, da u\u017eivate v \u010dudoviti glasbi in ustvarite nepozabne spomine! Pomlad je glasba, ki jo narava igra za nas, dovolj je le odpreti srce in jo sli\u0161imo.\" \/>\n<meta property=\"og:url\" content=\"https:\/\/piano-place.org\/en\/product\/pomladni-koncert-2025\/\" \/>\n<meta property=\"og:site_name\" content=\"Piano Place\" \/>\n<meta property=\"article:modified_time\" content=\"2025-03-28T20:52:20+00:00\" \/>\n<meta property=\"og:image\" content=\"https:\/\/piano-place.org\/wp-content\/uploads\/2025\/02\/3928af3d-2e5d-4249-a863-a82d8758af0d.jpg\" \/>\n\t<meta property=\"og:image:width\" content=\"1587\" \/>\n\t<meta property=\"og:image:height\" content=\"2245\" \/>\n\t<meta property=\"og:image:type\" content=\"image\/jpeg\" \/>\n<meta name=\"twitter:card\" content=\"summary_large_image\" \/>\n<meta name=\"twitter:label1\" content=\"Est. reading time\" \/>\n\t<meta name=\"twitter:data1\" content=\"1 minute\" \/>\n<script type=\"application\/ld+json\" class=\"yoast-schema-graph\">{\"@context\":\"https:\/\/schema.org\",\"@graph\":[{\"@type\":\"WebPage\",\"@id\":\"https:\/\/piano-place.org\/izdelek\/pomladni-koncert-2025\/\",\"url\":\"https:\/\/piano-place.org\/izdelek\/pomladni-koncert-2025\/\",\"name\":\"Vstopnica za Pomladni koncert - Piano Place\",\"isPartOf\":{\"@id\":\"https:\/\/piano-place.org\/#website\"},\"primaryImageOfPage\":{\"@id\":\"https:\/\/piano-place.org\/izdelek\/pomladni-koncert-2025\/#primaryimage\"},\"image\":{\"@id\":\"https:\/\/piano-place.org\/izdelek\/pomladni-koncert-2025\/#primaryimage\"},\"thumbnailUrl\":\"https:\/\/piano-place.org\/wp-content\/uploads\/2025\/02\/3928af3d-2e5d-4249-a863-a82d8758af0d.jpg\",\"datePublished\":\"2025-02-28T13:52:23+00:00\",\"dateModified\":\"2025-03-28T20:52:20+00:00\",\"breadcrumb\":{\"@id\":\"https:\/\/piano-place.org\/izdelek\/pomladni-koncert-2025\/#breadcrumb\"},\"inLanguage\":\"en-US\",\"potentialAction\":[{\"@type\":\"ReadAction\",\"target\":[\"https:\/\/piano-place.org\/izdelek\/pomladni-koncert-2025\/\"]}]},{\"@type\":\"ImageObject\",\"inLanguage\":\"en-US\",\"@id\":\"https:\/\/piano-place.org\/izdelek\/pomladni-koncert-2025\/#primaryimage\",\"url\":\"https:\/\/piano-place.org\/wp-content\/uploads\/2025\/02\/3928af3d-2e5d-4249-a863-a82d8758af0d.jpg\",\"contentUrl\":\"https:\/\/piano-place.org\/wp-content\/uploads\/2025\/02\/3928af3d-2e5d-4249-a863-a82d8758af0d.jpg\",\"width\":1587,\"height\":2245},{\"@type\":\"BreadcrumbList\",\"@id\":\"https:\/\/piano-place.org\/izdelek\/pomladni-koncert-2025\/#breadcrumb\",\"itemListElement\":[{\"@type\":\"ListItem\",\"position\":1,\"name\":\"Home\",\"item\":\"https:\/\/piano-place.org\/\"},{\"@type\":\"ListItem\",\"position\":2,\"name\":\"Trgovina\",\"item\":\"https:\/\/piano-place.org\/shop\/\"},{\"@type\":\"ListItem\",\"position\":3,\"name\":\"Vstopnica za Pomladni koncert\"}]},{\"@type\":\"WebSite\",\"@id\":\"https:\/\/piano-place.org\/#website\",\"url\":\"https:\/\/piano-place.org\/\",\"name\":\"Piano Place\",\"description\":\"\",\"publisher\":{\"@id\":\"https:\/\/piano-place.org\/#organization\"},\"potentialAction\":[{\"@type\":\"SearchAction\",\"target\":{\"@type\":\"EntryPoint\",\"urlTemplate\":\"https:\/\/piano-place.org\/?s={search_term_string}\"},\"query-input\":{\"@type\":\"PropertyValueSpecification\",\"valueRequired\":true,\"valueName\":\"search_term_string\"}}],\"inLanguage\":\"en-US\"},{\"@type\":\"Organization\",\"@id\":\"https:\/\/piano-place.org\/#organization\",\"name\":\"Piano Place\",\"url\":\"https:\/\/piano-place.org\/\",\"logo\":{\"@type\":\"ImageObject\",\"inLanguage\":\"en-US\",\"@id\":\"https:\/\/piano-place.org\/#\/schema\/logo\/image\/\",\"url\":\"https:\/\/piano-place.org\/wp-content\/uploads\/2024\/10\/43c93786-5eb9-43e0-9602-fe0e64f82d5e.png\",\"contentUrl\":\"https:\/\/piano-place.org\/wp-content\/uploads\/2024\/10\/43c93786-5eb9-43e0-9602-fe0e64f82d5e.png\",\"width\":1024,\"height\":1024,\"caption\":\"Piano Place\"},\"image\":{\"@id\":\"https:\/\/piano-place.org\/#\/schema\/logo\/image\/\"}}]}<\/script>\n<!-- \/ Yoast SEO plugin. -->","yoast_head_json":{"title":"Vstopnica za Pomladni koncert - Piano Place","robots":{"index":"index","follow":"follow","max-snippet":"max-snippet:-1","max-image-preview":"max-image-preview:large","max-video-preview":"max-video-preview:-1"},"canonical":"https:\/\/piano-place.org\/en\/product\/pomladni-koncert-2025\/","og_locale":"en_US","og_type":"article","og_title":"Vstopnica za Pomladni koncert - Piano Place","og_description":"Pridru\u017eite se nam na na\u0161em Pomladnem koncertu, 28. marca 2025 ob 18 uri, v Muzeju novej\u0161e in sodobne zgodovine Slovenije. Za vas bomo nastopale: Marija Ro\u017eenko, Aleksandra Nomer, Tatjana Beglova, Kristina Kravchenko in Sofiia Chornei.\u00a0Ne zamudite prilo\u017enosti, da u\u017eivate v \u010dudoviti glasbi in ustvarite nepozabne spomine! Pomlad je glasba, ki jo narava igra za nas, dovolj je le odpreti srce in jo sli\u0161imo.","og_url":"https:\/\/piano-place.org\/en\/product\/pomladni-koncert-2025\/","og_site_name":"Piano Place","article_modified_time":"2025-03-28T20:52:20+00:00","og_image":[{"width":1587,"height":2245,"url":"https:\/\/piano-place.org\/wp-content\/uploads\/2025\/02\/3928af3d-2e5d-4249-a863-a82d8758af0d.jpg","type":"image\/jpeg"}],"twitter_card":"summary_large_image","twitter_misc":{"Est. reading time":"1 minute"},"schema":{"@context":"https:\/\/schema.org","@graph":[{"@type":"WebPage","@id":"https:\/\/piano-place.org\/izdelek\/pomladni-koncert-2025\/","url":"https:\/\/piano-place.org\/izdelek\/pomladni-koncert-2025\/","name":"Vstopnica za Pomladni koncert - Piano Place","isPartOf":{"@id":"https:\/\/piano-place.org\/#website"},"primaryImageOfPage":{"@id":"https:\/\/piano-place.org\/izdelek\/pomladni-koncert-2025\/#primaryimage"},"image":{"@id":"https:\/\/piano-place.org\/izdelek\/pomladni-koncert-2025\/#primaryimage"},"thumbnailUrl":"https:\/\/piano-place.org\/wp-content\/uploads\/2025\/02\/3928af3d-2e5d-4249-a863-a82d8758af0d.jpg","datePublished":"2025-02-28T13:52:23+00:00","dateModified":"2025-03-28T20:52:20+00:00","breadcrumb":{"@id":"https:\/\/piano-place.org\/izdelek\/pomladni-koncert-2025\/#breadcrumb"},"inLanguage":"en-US","potentialAction":[{"@type":"ReadAction","target":["https:\/\/piano-place.org\/izdelek\/pomladni-koncert-2025\/"]}]},{"@type":"ImageObject","inLanguage":"en-US","@id":"https:\/\/piano-place.org\/izdelek\/pomladni-koncert-2025\/#primaryimage","url":"https:\/\/piano-place.org\/wp-content\/uploads\/2025\/02\/3928af3d-2e5d-4249-a863-a82d8758af0d.jpg","contentUrl":"https:\/\/piano-place.org\/wp-content\/uploads\/2025\/02\/3928af3d-2e5d-4249-a863-a82d8758af0d.jpg","width":1587,"height":2245},{"@type":"BreadcrumbList","@id":"https:\/\/piano-place.org\/izdelek\/pomladni-koncert-2025\/#breadcrumb","itemListElement":[{"@type":"ListItem","position":1,"name":"Home","item":"https:\/\/piano-place.org\/"},{"@type":"ListItem","position":2,"name":"Trgovina","item":"https:\/\/piano-place.org\/shop\/"},{"@type":"ListItem","position":3,"name":"Vstopnica za Pomladni koncert"}]},{"@type":"WebSite","@id":"https:\/\/piano-place.org\/#website","url":"https:\/\/piano-place.org\/","name":"Piano Place","description":"","publisher":{"@id":"https:\/\/piano-place.org\/#organization"},"potentialAction":[{"@type":"SearchAction","target":{"@type":"EntryPoint","urlTemplate":"https:\/\/piano-place.org\/?s={search_term_string}"},"query-input":{"@type":"PropertyValueSpecification","valueRequired":true,"valueName":"search_term_string"}}],"inLanguage":"en-US"},{"@type":"Organization","@id":"https:\/\/piano-place.org\/#organization","name":"Piano Place","url":"https:\/\/piano-place.org\/","logo":{"@type":"ImageObject","inLanguage":"en-US","@id":"https:\/\/piano-place.org\/#\/schema\/logo\/image\/","url":"https:\/\/piano-place.org\/wp-content\/uploads\/2024\/10\/43c93786-5eb9-43e0-9602-fe0e64f82d5e.png","contentUrl":"https:\/\/piano-place.org\/wp-content\/uploads\/2024\/10\/43c93786-5eb9-43e0-9602-fe0e64f82d5e.png","width":1024,"height":1024,"caption":"Piano Place"},"image":{"@id":"https:\/\/piano-place.org\/#\/schema\/logo\/image\/"}}]}},"jetpack_sharing_enabled":true,"_links":{"self":[{"href":"https:\/\/piano-place.org\/en\/wp-json\/wp\/v2\/product\/393","targetHints":{"allow":["GET"]}}],"collection":[{"href":"https:\/\/piano-place.org\/en\/wp-json\/wp\/v2\/product"}],"about":[{"href":"https:\/\/piano-place.org\/en\/wp-json\/wp\/v2\/types\/product"}],"replies":[{"embeddable":true,"href":"https:\/\/piano-place.org\/en\/wp-json\/wp\/v2\/comments?post=393"}],"wp:featuredmedia":[{"embeddable":true,"href":"https:\/\/piano-place.org\/en\/wp-json\/wp\/v2\/media\/394"}],"wp:attachment":[{"href":"https:\/\/piano-place.org\/en\/wp-json\/wp\/v2\/media?parent=393"}],"wp:term":[{"taxonomy":"product_brand","embeddable":true,"href":"https:\/\/piano-place.org\/en\/wp-json\/wp\/v2\/product_brand?post=393"},{"taxonomy":"product_cat","embeddable":true,"href":"https:\/\/piano-place.org\/en\/wp-json\/wp\/v2\/product_cat?post=393"},{"taxonomy":"product_tag","embeddable":true,"href":"https:\/\/piano-place.org\/en\/wp-json\/wp\/v2\/product_tag?post=393"}],"curies":[{"name":"wp","href":"https:\/\/api.w.org\/{rel}","templated":true}]}}